{"id":102,"date":"2023-05-24T14:09:34","date_gmt":"2023-05-24T20:09:34","guid":{"rendered":"https:\/\/croquetasparaayer.com.mx\/?post_type=product&#038;p=102"},"modified":"2023-05-24T16:26:13","modified_gmt":"2023-05-24T22:26:13","slug":"el-centinela-alimento-para-perro-adulto","status":"publish","type":"product","link":"https:\/\/croquetasparaayer.com.mx\/index.php\/producto\/el-centinela-alimento-para-perro-adulto\/","title":{"rendered":"EL CENTINELA Alimento para Perro Adulto"},"content":{"rendered":"<h6>La combinaci\u00f3n de ingredientes en esta f\u00f3rmula esta enfocada a ofrecer una opci\u00f3n econ\u00f3mica para mantener sana y en buena condici\u00f3n a la mascota, pues incorpora ingredientes y aditivos funcionales.<\/h6>\n<h6>Cada ingrediente est\u00e1 pensado para proporcionar a su mascota nuestras cuatro \u00abM\u00bb de un perro sano:<\/h6>\n<ul>\n<li>\n<h6>Mejor nutrici\u00f3n<\/h6>\n<\/li>\n<li>\n<h6>M\u00e1s defensas naturales<\/h6>\n<\/li>\n<li>\n<h6>Mejor digesti\u00f3n<\/h6>\n<\/li>\n<li>\n<h6>Etapa: Esta indicado para perros de 1 a\u00f1o de edad en adelante<\/h6>\n<\/li>\n<li>\n<h6>Dosis: Se recomienda 100g (1 vaso) a 700g (7 vasos) dependiendo talla y peso de los perros<\/h6>\n<\/li>\n<li>\n<h6>Advertencias: almacene el alimento en un lugar fresco, seco y ventilado<\/h6>\n<\/li>\n<\/ul>\n","protected":false},"excerpt":{"rendered":"<p>La combinaci\u00f3n de ingredientes en esta f\u00f3rmula esta enfocada a ofrecer una opci\u00f3n econ\u00f3mica para mantener sana y en buena condici\u00f3n a la mascota, pues incorpora ingredientes y aditivos funcionales. Cada ingrediente est\u00e1 pensado para proporcionar a su mascota nuestras cuatro \u00abM\u00bb de un perro sano: Mejor nutrici\u00f3n M\u00e1s defensas naturales Mejor digesti\u00f3n Etapa: Esta [&hellip;]<\/p>\n","protected":false},"featured_media":103,"comment_status":"open","ping_status":"closed","template":"","meta":{"site-sidebar-layout":"default","site-content-layout":"default","ast-site-content-layout":"","site-content-style":"default","site-sidebar-style":"default","ast-global-header-display":"","ast-banner-title-visibility":"","ast-main-header-display":"","ast-hfb-above-header-display":"","ast-hfb-below-header-display":"","ast-hfb-mobile-header-display":"","site-post-title":"","ast-breadcrumbs-content":"","ast-featured-img":"","footer-sml-layout":"","theme-transparent-header-meta":"default","adv-header-id-meta":"","stick-header-meta":"","header-above-stick-meta":"","header-main-stick-meta":"","header-below-stick-meta":"","astra-migrate-meta-layouts":"default","ast-page-background-enabled":"default","ast-page-background-meta":{"desktop":{"background-color":"var(--ast-global-color-4)","background-image":"","background-repeat":"repeat","background-position":"center center","background-size":"auto","background-attachment":"scroll","background-type":"","background-media":"","overlay-type":"","overlay-color":"","overlay-opacity":"","overlay-gradient":""},"tablet":{"background-color":"","background-image":"","background-repeat":"repeat","background-position":"center center","background-size":"auto","background-attachment":"scroll","background-type":"","background-media":"","overlay-type":"","overlay-color":"","overlay-opacity":"","overlay-gradient":""},"mobile":{"background-color":"","background-image":"","background-repeat":"repeat","background-position":"center center","background-size":"auto","background-attachment":"scroll","background-type":"","background-media":"","overlay-type":"","overlay-color":"","overlay-opacity":"","overlay-gradient":""}},"ast-content-background-meta":{"desktop":{"background-color":"var(--ast-global-color-5)","background-image":"","background-repeat":"repeat","background-position":"center center","background-size":"auto","background-attachment":"scroll","background-type":"","background-media":"","overlay-type":"","overlay-color":"","overlay-opacity":"","overlay-gradient":""},"tablet":{"background-color":"var(--ast-global-color-5)","background-image":"","background-repeat":"repeat","background-position":"center center","background-size":"auto","background-attachment":"scroll","background-type":"","background-media":"","overlay-type":"","overlay-color":"","overlay-opacity":"","overlay-gradient":""},"mobile":{"background-color":"var(--ast-global-color-5)","background-image":"","background-repeat":"repeat","background-position":"center center","background-size":"auto","background-attachment":"scroll","background-type":"","background-media":"","overlay-type":"","overlay-color":"","overlay-opacity":"","overlay-gradient":""}}},"product_cat":[19,18,21,20],"product_tag":[],"class_list":{"0":"post-102","1":"product","2":"type-product","3":"status-publish","4":"has-post-thumbnail","6":"product_cat-adulto","7":"product_cat-croqueta","8":"product_cat-perro","9":"product_cat-raza-grande","10":"desktop-align-left","11":"tablet-align-left","12":"mobile-align-left","14":"first","15":"instock","16":"shipping-taxable","17":"product-type-simple"},"_links":{"self":[{"href":"https:\/\/croquetasparaayer.com.mx\/index.php\/wp-json\/wp\/v2\/product\/102","targetHints":{"allow":["GET"]}}],"collection":[{"href":"https:\/\/croquetasparaayer.com.mx\/index.php\/wp-json\/wp\/v2\/product"}],"about":[{"href":"https:\/\/croquetasparaayer.com.mx\/index.php\/wp-json\/wp\/v2\/types\/product"}],"replies":[{"embeddable":true,"href":"https:\/\/croquetasparaayer.com.mx\/index.php\/wp-json\/wp\/v2\/comments?post=102"}],"wp:featuredmedia":[{"embeddable":true,"href":"https:\/\/croquetasparaayer.com.mx\/index.php\/wp-json\/wp\/v2\/media\/103"}],"wp:attachment":[{"href":"https:\/\/croquetasparaayer.com.mx\/index.php\/wp-json\/wp\/v2\/media?parent=102"}],"wp:term":[{"taxonomy":"product_cat","embeddable":true,"href":"https:\/\/croquetasparaayer.com.mx\/index.php\/wp-json\/wp\/v2\/product_cat?post=102"},{"taxonomy":"product_tag","embeddable":true,"href":"https:\/\/croquetasparaayer.com.mx\/index.php\/wp-json\/wp\/v2\/product_tag?post=102"}],"curies":[{"name":"wp","href":"https:\/\/api.w.org\/{rel}","templated":true}]}}