{"id":105,"date":"2023-05-24T14:40:32","date_gmt":"2023-05-24T20:40:32","guid":{"rendered":"https:\/\/croquetasparaayer.com.mx\/?post_type=product&#038;p=105"},"modified":"2023-05-24T16:25:38","modified_gmt":"2023-05-24T22:25:38","slug":"club-pro-adult-cc-alimento-para-perros-adultos","status":"publish","type":"product","link":"https:\/\/croquetasparaayer.com.mx\/index.php\/producto\/club-pro-adult-cc-alimento-para-perros-adultos\/","title":{"rendered":"ROYAL CANIN SPECIAL CLUB PRO ADULT CC Alimento para Perros Adultos"},"content":{"rendered":"<h6>Royal Canin Special Club C.C. es un pienso sabroso y saludable para perros adultos con una actividad f\u00edsica normal. La preparaci\u00f3n especial de este pienso garantiza su buena aceptaci\u00f3n y digesti\u00f3n. Sus componentes se mantienen en una relaci\u00f3n equilibrada, lo cual permite que tu perro se mantenga sano y fuerte. Tu perro se mantendr\u00e1 en forma con esta comida, ya que tiene un contenido \u00f3ptimo de energ\u00eda.<\/h6>\n<ul>\n<li>\n<h6>Pienso para perros con una actividad f\u00edsica normal.<\/h6>\n<\/li>\n<li>\n<h6>Receta especialmente adaptada.<\/h6>\n<\/li>\n<li>\n<h6>Muy buena aceptaci\u00f3n y digestibilidad.<\/h6>\n<\/li>\n<li>\n<h6>Relaci\u00f3n equilibrada de los componentes.<\/h6>\n<\/li>\n<li>\n<h6>Contenido \u00f3ptimo de energ\u00eda.<\/h6>\n<\/li>\n<li>\n<h6>Mantiene el peso del perro.<\/h6>\n<\/li>\n<li>\n<h6>Sin aditivos, colorantes ni potenciadores del sabor<\/h6>\n<\/li>\n<\/ul>\n","protected":false},"excerpt":{"rendered":"<p>Royal Canin Special Club C.C. es un pienso sabroso y saludable para perros adultos con una actividad f\u00edsica normal. La preparaci\u00f3n especial de este pienso garantiza su buena aceptaci\u00f3n y digesti\u00f3n. Sus componentes se mantienen en una relaci\u00f3n equilibrada, lo cual permite que tu perro se mantenga sano y fuerte. Tu perro se mantendr\u00e1 en [&hellip;]<\/p>\n","protected":false},"featured_media":106,"comment_status":"open","ping_status":"closed","template":"","meta":{"site-sidebar-layout":"default","site-content-layout":"default","ast-site-content-layout":"","site-content-style":"default","site-sidebar-style":"default","ast-global-header-display":"","ast-banner-title-visibility":"","ast-main-header-display":"","ast-hfb-above-header-display":"","ast-hfb-below-header-display":"","ast-hfb-mobile-header-display":"","site-post-title":"","ast-breadcrumbs-content":"","ast-featured-img":"","footer-sml-layout":"","theme-transparent-header-meta":"default","adv-header-id-meta":"","stick-header-meta":"","header-above-stick-meta":"","header-main-stick-meta":"","header-below-stick-meta":"","astra-migrate-meta-layouts":"default","ast-page-background-enabled":"default","ast-page-background-meta":{"desktop":{"background-color":"var(--ast-global-color-4)","background-image":"","background-repeat":"repeat","background-position":"center center","background-size":"auto","background-attachment":"scroll","background-type":"","background-media":"","overlay-type":"","overlay-color":"","overlay-opacity":"","overlay-gradient":""},"tablet":{"background-color":"","background-image":"","background-repeat":"repeat","background-position":"center center","background-size":"auto","background-attachment":"scroll","background-type":"","background-media":"","overlay-type":"","overlay-color":"","overlay-opacity":"","overlay-gradient":""},"mobile":{"background-color":"","background-image":"","background-repeat":"repeat","background-position":"center center","background-size":"auto","background-attachment":"scroll","background-type":"","background-media":"","overlay-type":"","overlay-color":"","overlay-opacity":"","overlay-gradient":""}},"ast-content-background-meta":{"desktop":{"background-color":"var(--ast-global-color-5)","background-image":"","background-repeat":"repeat","background-position":"center center","background-size":"auto","background-attachment":"scroll","background-type":"","background-media":"","overlay-type":"","overlay-color":"","overlay-opacity":"","overlay-gradient":""},"tablet":{"background-color":"var(--ast-global-color-5)","background-image":"","background-repeat":"repeat","background-position":"center center","background-size":"auto","background-attachment":"scroll","background-type":"","background-media":"","overlay-type":"","overlay-color":"","overlay-opacity":"","overlay-gradient":""},"mobile":{"background-color":"var(--ast-global-color-5)","background-image":"","background-repeat":"repeat","background-position":"center center","background-size":"auto","background-attachment":"scroll","background-type":"","background-media":"","overlay-type":"","overlay-color":"","overlay-opacity":"","overlay-gradient":""}}},"product_cat":[19,18,21,20],"product_tag":[],"class_list":{"0":"post-105","1":"product","2":"type-product","3":"status-publish","4":"has-post-thumbnail","6":"product_cat-adulto","7":"product_cat-croqueta","8":"product_cat-perro","9":"product_cat-raza-grande","10":"desktop-align-left","11":"tablet-align-left","12":"mobile-align-left","14":"first","15":"instock","16":"shipping-taxable","17":"product-type-simple"},"_links":{"self":[{"href":"https:\/\/croquetasparaayer.com.mx\/index.php\/wp-json\/wp\/v2\/product\/105","targetHints":{"allow":["GET"]}}],"collection":[{"href":"https:\/\/croquetasparaayer.com.mx\/index.php\/wp-json\/wp\/v2\/product"}],"about":[{"href":"https:\/\/croquetasparaayer.com.mx\/index.php\/wp-json\/wp\/v2\/types\/product"}],"replies":[{"embeddable":true,"href":"https:\/\/croquetasparaayer.com.mx\/index.php\/wp-json\/wp\/v2\/comments?post=105"}],"wp:featuredmedia":[{"embeddable":true,"href":"https:\/\/croquetasparaayer.com.mx\/index.php\/wp-json\/wp\/v2\/media\/106"}],"wp:attachment":[{"href":"https:\/\/croquetasparaayer.com.mx\/index.php\/wp-json\/wp\/v2\/media?parent=105"}],"wp:term":[{"taxonomy":"product_cat","embeddable":true,"href":"https:\/\/croquetasparaayer.com.mx\/index.php\/wp-json\/wp\/v2\/product_cat?post=105"},{"taxonomy":"product_tag","embeddable":true,"href":"https:\/\/croquetasparaayer.com.mx\/index.php\/wp-json\/wp\/v2\/product_tag?post=105"}],"curies":[{"name":"wp","href":"https:\/\/api.w.org\/{rel}","templated":true}]}}