{"id":153,"date":"2023-05-24T17:55:02","date_gmt":"2023-05-24T23:55:02","guid":{"rendered":"https:\/\/croquetasparaayer.com.mx\/?post_type=product&#038;p=153"},"modified":"2023-05-24T23:36:45","modified_gmt":"2023-05-25T05:36:45","slug":"cat-chow","status":"publish","type":"product","link":"https:\/\/croquetasparaayer.com.mx\/index.php\/producto\/cat-chow\/","title":{"rendered":"CAT CHOW Alimento para Gatos Adultos"},"content":{"rendered":"<p style=\"text-align: left;\">Una buena nutrici\u00f3n es fundamental para proteger la salud de los gatos.<\/p>\n<p style=\"text-align: left;\">PURINA CAT CHOW hogare\u00f1os carne con Defense Plus\u00a0, elaborado con una selecci\u00f3n de ingredientes naturales sin colorantes ni sabores artificiales y mejorado con la inclusi\u00f3n de un prebi\u00f3tico natural.<\/p>\n<h4>Beneficios:<\/h4>\n<ul>\n<li><strong>Prebi\u00f3tico Natural<\/strong>\u00a0para una \u00f3ptima absorci\u00f3n de nutrientes que protegen de adentro hacia afuera<\/li>\n<li><strong>Sin colorantes ni sabores artificiales<\/strong><\/li>\n<li><strong>Compuesto mineral (TSPP)\u00a0<\/strong>que ayuda a reducir el cumulo del sarro.<\/li>\n<li><strong>Zinc y Omega 6 y 3\u00a0<\/strong>para piel y pelo saludables<\/li>\n<li><strong>Minerales\u00a0<\/strong>que contribuyen con el mantenimiento de huesos fuertes y las funciones vitales<\/li>\n<li><strong>Vitaminas<\/strong>\u00a0que ayudan a soportar las funciones metab\u00f3licas como mantener la visi\u00f3n saludable, la respuesta inmune del organismo y combatir los radicales libres.<\/li>\n<li>Con\u00a0<strong>macrominerales balanceados\u00a0<\/strong>que ayudan a alcanzar el pH adecuado y mantener la salud del tracto urinario inferior.<\/li>\n<li>100% completo y balanceado.<\/li>\n<\/ul>\n","protected":false},"excerpt":{"rendered":"<p>Una buena nutrici\u00f3n es fundamental para proteger la salud de los gatos. PURINA CAT CHOW hogare\u00f1os carne con Defense Plus\u00a0, elaborado con una selecci\u00f3n de ingredientes naturales sin colorantes ni sabores artificiales y mejorado con la inclusi\u00f3n de un prebi\u00f3tico natural. Beneficios: Prebi\u00f3tico Natural\u00a0para una \u00f3ptima absorci\u00f3n de nutrientes que protegen de adentro hacia afuera [&hellip;]<\/p>\n","protected":false},"featured_media":204,"comment_status":"open","ping_status":"closed","template":"","meta":{"site-sidebar-layout":"default","site-content-layout":"default","ast-site-content-layout":"","site-content-style":"default","site-sidebar-style":"default","ast-global-header-display":"","ast-banner-title-visibility":"","ast-main-header-display":"","ast-hfb-above-header-display":"","ast-hfb-below-header-display":"","ast-hfb-mobile-header-display":"","site-post-title":"","ast-breadcrumbs-content":"","ast-featured-img":"","footer-sml-layout":"","theme-transparent-header-meta":"default","adv-header-id-meta":"","stick-header-meta":"","header-above-stick-meta":"","header-main-stick-meta":"","header-below-stick-meta":"","astra-migrate-meta-layouts":"default","ast-page-background-enabled":"default","ast-page-background-meta":{"desktop":{"background-color":"var(--ast-global-color-4)","background-image":"","background-repeat":"repeat","background-position":"center center","background-size":"auto","background-attachment":"scroll","background-type":"","background-media":"","overlay-type":"","overlay-color":"","overlay-opacity":"","overlay-gradient":""},"tablet":{"background-color":"","background-image":"","background-repeat":"repeat","background-position":"center center","background-size":"auto","background-attachment":"scroll","background-type":"","background-media":"","overlay-type":"","overlay-color":"","overlay-opacity":"","overlay-gradient":""},"mobile":{"background-color":"","background-image":"","background-repeat":"repeat","background-position":"center center","background-size":"auto","background-attachment":"scroll","background-type":"","background-media":"","overlay-type":"","overlay-color":"","overlay-opacity":"","overlay-gradient":""}},"ast-content-background-meta":{"desktop":{"background-color":"var(--ast-global-color-5)","background-image":"","background-repeat":"repeat","background-position":"center center","background-size":"auto","background-attachment":"scroll","background-type":"","background-media":"","overlay-type":"","overlay-color":"","overlay-opacity":"","overlay-gradient":""},"tablet":{"background-color":"var(--ast-global-color-5)","background-image":"","background-repeat":"repeat","background-position":"center center","background-size":"auto","background-attachment":"scroll","background-type":"","background-media":"","overlay-type":"","overlay-color":"","overlay-opacity":"","overlay-gradient":""},"mobile":{"background-color":"var(--ast-global-color-5)","background-image":"","background-repeat":"repeat","background-position":"center center","background-size":"auto","background-attachment":"scroll","background-type":"","background-media":"","overlay-type":"","overlay-color":"","overlay-opacity":"","overlay-gradient":""}}},"product_cat":[19,18,23],"product_tag":[],"class_list":{"0":"post-153","1":"product","2":"type-product","3":"status-publish","4":"has-post-thumbnail","6":"product_cat-adulto","7":"product_cat-croqueta","8":"product_cat-gato","9":"desktop-align-left","10":"tablet-align-left","11":"mobile-align-left","13":"first","14":"instock","15":"shipping-taxable","16":"product-type-simple"},"_links":{"self":[{"href":"https:\/\/croquetasparaayer.com.mx\/index.php\/wp-json\/wp\/v2\/product\/153","targetHints":{"allow":["GET"]}}],"collection":[{"href":"https:\/\/croquetasparaayer.com.mx\/index.php\/wp-json\/wp\/v2\/product"}],"about":[{"href":"https:\/\/croquetasparaayer.com.mx\/index.php\/wp-json\/wp\/v2\/types\/product"}],"replies":[{"embeddable":true,"href":"https:\/\/croquetasparaayer.com.mx\/index.php\/wp-json\/wp\/v2\/comments?post=153"}],"wp:featuredmedia":[{"embeddable":true,"href":"https:\/\/croquetasparaayer.com.mx\/index.php\/wp-json\/wp\/v2\/media\/204"}],"wp:attachment":[{"href":"https:\/\/croquetasparaayer.com.mx\/index.php\/wp-json\/wp\/v2\/media?parent=153"}],"wp:term":[{"taxonomy":"product_cat","embeddable":true,"href":"https:\/\/croquetasparaayer.com.mx\/index.php\/wp-json\/wp\/v2\/product_cat?post=153"},{"taxonomy":"product_tag","embeddable":true,"href":"https:\/\/croquetasparaayer.com.mx\/index.php\/wp-json\/wp\/v2\/product_tag?post=153"}],"curies":[{"name":"wp","href":"https:\/\/api.w.org\/{rel}","templated":true}]}}