{"id":171,"date":"2023-05-24T18:57:21","date_gmt":"2023-05-25T00:57:21","guid":{"rendered":"https:\/\/croquetasparaayer.com.mx\/?post_type=product&#038;p=171"},"modified":"2023-07-28T15:07:43","modified_gmt":"2023-07-28T21:07:43","slug":"ganador-alimento-para-perros-adultos-raza-pequena","status":"publish","type":"product","link":"https:\/\/croquetasparaayer.com.mx\/index.php\/producto\/ganador-alimento-para-perros-adultos-raza-pequena\/","title":{"rendered":"GANADOR Alimento para Perros Adultos Raza Peque\u00f1a"},"content":{"rendered":"<h6><span class=\"a-list-item\">Alimentos basados en una selecci\u00f3n de ingredientes con los altos est\u00e1ndares de calidad y seguridad dise\u00f1ados por nuestros expertos en nutrici\u00f3n y salud animal, con el objetivo de favorecer su calidad de vida durante todas sus etapas<\/span><\/h6>\n<h6><span class=\"a-list-item\">Ganador cuenta con un sistema integral de beneficios: LifeDefense, que brinda vitalidad y protecci\u00f3n a tu mejor amigo<\/span><\/h6>\n<h6><span class=\"a-list-item\">Vitalidad: con prote\u00ednas de alta digestibilidad para un metabolismo saludable<\/span><\/h6>\n<h6><span class=\"a-list-item\">\u00d3ptima digesti\u00f3n: con prebi\u00f3ticos y probi\u00f3ticos que mejoran la flora intestinal promoviendo una digesti\u00f3n saludable<\/span><\/h6>\n","protected":false},"excerpt":{"rendered":"<p>Alimentos basados en una selecci\u00f3n de ingredientes con los altos est\u00e1ndares de calidad y seguridad dise\u00f1ados por nuestros expertos en nutrici\u00f3n y salud animal, con el objetivo de favorecer su calidad de vida durante todas sus etapas Ganador cuenta con un sistema integral de beneficios: LifeDefense, que brinda vitalidad y protecci\u00f3n a tu mejor amigo [&hellip;]<\/p>\n","protected":false},"featured_media":172,"comment_status":"open","ping_status":"closed","template":"","meta":{"site-sidebar-layout":"default","site-content-layout":"default","ast-site-content-layout":"","site-content-style":"default","site-sidebar-style":"default","ast-global-header-display":"","ast-banner-title-visibility":"","ast-main-header-display":"","ast-hfb-above-header-display":"","ast-hfb-below-header-display":"","ast-hfb-mobile-header-display":"","site-post-title":"","ast-breadcrumbs-content":"","ast-featured-img":"","footer-sml-layout":"","theme-transparent-header-meta":"default","adv-header-id-meta":"","stick-header-meta":"","header-above-stick-meta":"","header-main-stick-meta":"","header-below-stick-meta":"","astra-migrate-meta-layouts":"default","ast-page-background-enabled":"default","ast-page-background-meta":{"desktop":{"background-color":"var(--ast-global-color-4)","background-image":"","background-repeat":"repeat","background-position":"center center","background-size":"auto","background-attachment":"scroll","background-type":"","background-media":"","overlay-type":"","overlay-color":"","overlay-opacity":"","overlay-gradient":""},"tablet":{"background-color":"","background-image":"","background-repeat":"repeat","background-position":"center center","background-size":"auto","background-attachment":"scroll","background-type":"","background-media":"","overlay-type":"","overlay-color":"","overlay-opacity":"","overlay-gradient":""},"mobile":{"background-color":"","background-image":"","background-repeat":"repeat","background-position":"center center","background-size":"auto","background-attachment":"scroll","background-type":"","background-media":"","overlay-type":"","overlay-color":"","overlay-opacity":"","overlay-gradient":""}},"ast-content-background-meta":{"desktop":{"background-color":"var(--ast-global-color-5)","background-image":"","background-repeat":"repeat","background-position":"center center","background-size":"auto","background-attachment":"scroll","background-type":"","background-media":"","overlay-type":"","overlay-color":"","overlay-opacity":"","overlay-gradient":""},"tablet":{"background-color":"var(--ast-global-color-5)","background-image":"","background-repeat":"repeat","background-position":"center center","background-size":"auto","background-attachment":"scroll","background-type":"","background-media":"","overlay-type":"","overlay-color":"","overlay-opacity":"","overlay-gradient":""},"mobile":{"background-color":"var(--ast-global-color-5)","background-image":"","background-repeat":"repeat","background-position":"center center","background-size":"auto","background-attachment":"scroll","background-type":"","background-media":"","overlay-type":"","overlay-color":"","overlay-opacity":"","overlay-gradient":""}}},"product_cat":[19,18,21,24],"product_tag":[],"class_list":{"0":"post-171","1":"product","2":"type-product","3":"status-publish","4":"has-post-thumbnail","6":"product_cat-adulto","7":"product_cat-croqueta","8":"product_cat-perro","9":"product_cat-raza-pequena-mediana","10":"desktop-align-left","11":"tablet-align-left","12":"mobile-align-left","14":"first","15":"instock","16":"shipping-taxable","17":"product-type-simple"},"_links":{"self":[{"href":"https:\/\/croquetasparaayer.com.mx\/index.php\/wp-json\/wp\/v2\/product\/171","targetHints":{"allow":["GET"]}}],"collection":[{"href":"https:\/\/croquetasparaayer.com.mx\/index.php\/wp-json\/wp\/v2\/product"}],"about":[{"href":"https:\/\/croquetasparaayer.com.mx\/index.php\/wp-json\/wp\/v2\/types\/product"}],"replies":[{"embeddable":true,"href":"https:\/\/croquetasparaayer.com.mx\/index.php\/wp-json\/wp\/v2\/comments?post=171"}],"wp:featuredmedia":[{"embeddable":true,"href":"https:\/\/croquetasparaayer.com.mx\/index.php\/wp-json\/wp\/v2\/media\/172"}],"wp:attachment":[{"href":"https:\/\/croquetasparaayer.com.mx\/index.php\/wp-json\/wp\/v2\/media?parent=171"}],"wp:term":[{"taxonomy":"product_cat","embeddable":true,"href":"https:\/\/croquetasparaayer.com.mx\/index.php\/wp-json\/wp\/v2\/product_cat?post=171"},{"taxonomy":"product_tag","embeddable":true,"href":"https:\/\/croquetasparaayer.com.mx\/index.php\/wp-json\/wp\/v2\/product_tag?post=171"}],"curies":[{"name":"wp","href":"https:\/\/api.w.org\/{rel}","templated":true}]}}