{"id":176,"date":"2023-05-24T19:11:29","date_gmt":"2023-05-25T01:11:29","guid":{"rendered":"https:\/\/croquetasparaayer.com.mx\/?post_type=product&#038;p=176"},"modified":"2023-07-28T15:04:43","modified_gmt":"2023-07-28T21:04:43","slug":"royal-canin-adul-chihuahua-alimento-para-perros-adultos-raza-pequena","status":"publish","type":"product","link":"https:\/\/croquetasparaayer.com.mx\/index.php\/producto\/royal-canin-adul-chihuahua-alimento-para-perros-adultos-raza-pequena\/","title":{"rendered":"ROYAL CANIN ADUL CHIHUAHUA Alimento para Perros Adultos Raza Peque\u00f1a"},"content":{"rendered":"<h6><span class=\"a-list-item\">Chihuahua Adulto ayuda a reducir el olor y volumen de las heces y promueve una digesti\u00f3n saludable gracias a prote\u00ednas altamente digestibles (L.I.P.*) y un contenido adecuado de fibras. *Prote\u00ednas seleccionadas por su elevada digestibilidad<\/span><\/h6>\n<ul class=\"a-unordered-list a-vertical a-spacing-mini\">\n<li class=\"a-spacing-mini\">\n<h6><span class=\"a-list-item\">Esta exclusiva croqueta de tama\u00f1o peque\u00f1o ha sido desarrollada para adaptarse a la mand\u00edbula miniatura del Chihuahua<\/span><\/h6>\n<\/li>\n<li class=\"a-spacing-mini\">\n<h6><span class=\"a-list-item\">Alimento espec\u00edfico para perros adultos Chihuahua a partir de los 8 meses de edad<\/span><\/h6>\n<\/li>\n<li class=\"a-spacing-mini\">\n<h6><span class=\"a-list-item\">El pelaje refleja el estado de salud y el bienestar general del perro. Chihuahua Adulto est\u00e1 enriquecido con \u00e1cidos grasos Omega 3 (EPA y DHA), \u00e1cidos grasos Omega 6 y biotina para ayudar a mantener la salud del pelaje del Chihuahua<\/span><\/h6>\n<\/li>\n<\/ul>\n","protected":false},"excerpt":{"rendered":"<p>Chihuahua Adulto ayuda a reducir el olor y volumen de las heces y promueve una digesti\u00f3n saludable gracias a prote\u00ednas altamente digestibles (L.I.P.*) y un contenido adecuado de fibras. *Prote\u00ednas seleccionadas por su elevada digestibilidad Esta exclusiva croqueta de tama\u00f1o peque\u00f1o ha sido desarrollada para adaptarse a la mand\u00edbula miniatura del Chihuahua Alimento espec\u00edfico para [&hellip;]<\/p>\n","protected":false},"featured_media":213,"comment_status":"open","ping_status":"closed","template":"","meta":{"site-sidebar-layout":"default","site-content-layout":"default","ast-site-content-layout":"","site-content-style":"default","site-sidebar-style":"default","ast-global-header-display":"","ast-banner-title-visibility":"","ast-main-header-display":"","ast-hfb-above-header-display":"","ast-hfb-below-header-display":"","ast-hfb-mobile-header-display":"","site-post-title":"","ast-breadcrumbs-content":"","ast-featured-img":"","footer-sml-layout":"","theme-transparent-header-meta":"default","adv-header-id-meta":"","stick-header-meta":"","header-above-stick-meta":"","header-main-stick-meta":"","header-below-stick-meta":"","astra-migrate-meta-layouts":"default","ast-page-background-enabled":"default","ast-page-background-meta":{"desktop":{"background-color":"var(--ast-global-color-4)","background-image":"","background-repeat":"repeat","background-position":"center center","background-size":"auto","background-attachment":"scroll","background-type":"","background-media":"","overlay-type":"","overlay-color":"","overlay-opacity":"","overlay-gradient":""},"tablet":{"background-color":"","background-image":"","background-repeat":"repeat","background-position":"center center","background-size":"auto","background-attachment":"scroll","background-type":"","background-media":"","overlay-type":"","overlay-color":"","overlay-opacity":"","overlay-gradient":""},"mobile":{"background-color":"","background-image":"","background-repeat":"repeat","background-position":"center center","background-size":"auto","background-attachment":"scroll","background-type":"","background-media":"","overlay-type":"","overlay-color":"","overlay-opacity":"","overlay-gradient":""}},"ast-content-background-meta":{"desktop":{"background-color":"var(--ast-global-color-5)","background-image":"","background-repeat":"repeat","background-position":"center center","background-size":"auto","background-attachment":"scroll","background-type":"","background-media":"","overlay-type":"","overlay-color":"","overlay-opacity":"","overlay-gradient":""},"tablet":{"background-color":"var(--ast-global-color-5)","background-image":"","background-repeat":"repeat","background-position":"center center","background-size":"auto","background-attachment":"scroll","background-type":"","background-media":"","overlay-type":"","overlay-color":"","overlay-opacity":"","overlay-gradient":""},"mobile":{"background-color":"var(--ast-global-color-5)","background-image":"","background-repeat":"repeat","background-position":"center center","background-size":"auto","background-attachment":"scroll","background-type":"","background-media":"","overlay-type":"","overlay-color":"","overlay-opacity":"","overlay-gradient":""}}},"product_cat":[19,18,21,24],"product_tag":[],"class_list":{"0":"post-176","1":"product","2":"type-product","3":"status-publish","4":"has-post-thumbnail","6":"product_cat-adulto","7":"product_cat-croqueta","8":"product_cat-perro","9":"product_cat-raza-pequena-mediana","10":"desktop-align-left","11":"tablet-align-left","12":"mobile-align-left","14":"first","15":"instock","16":"shipping-taxable","17":"product-type-simple"},"_links":{"self":[{"href":"https:\/\/croquetasparaayer.com.mx\/index.php\/wp-json\/wp\/v2\/product\/176","targetHints":{"allow":["GET"]}}],"collection":[{"href":"https:\/\/croquetasparaayer.com.mx\/index.php\/wp-json\/wp\/v2\/product"}],"about":[{"href":"https:\/\/croquetasparaayer.com.mx\/index.php\/wp-json\/wp\/v2\/types\/product"}],"replies":[{"embeddable":true,"href":"https:\/\/croquetasparaayer.com.mx\/index.php\/wp-json\/wp\/v2\/comments?post=176"}],"wp:featuredmedia":[{"embeddable":true,"href":"https:\/\/croquetasparaayer.com.mx\/index.php\/wp-json\/wp\/v2\/media\/213"}],"wp:attachment":[{"href":"https:\/\/croquetasparaayer.com.mx\/index.php\/wp-json\/wp\/v2\/media?parent=176"}],"wp:term":[{"taxonomy":"product_cat","embeddable":true,"href":"https:\/\/croquetasparaayer.com.mx\/index.php\/wp-json\/wp\/v2\/product_cat?post=176"},{"taxonomy":"product_tag","embeddable":true,"href":"https:\/\/croquetasparaayer.com.mx\/index.php\/wp-json\/wp\/v2\/product_tag?post=176"}],"curies":[{"name":"wp","href":"https:\/\/api.w.org\/{rel}","templated":true}]}}