{"id":206,"date":"2023-05-24T23:43:18","date_gmt":"2023-05-25T05:43:18","guid":{"rendered":"https:\/\/croquetasparaayer.com.mx\/?post_type=product&#038;p=206"},"modified":"2023-05-25T13:20:52","modified_gmt":"2023-05-25T19:20:52","slug":"nupec-felino-adulto-indoor","status":"publish","type":"product","link":"https:\/\/croquetasparaayer.com.mx\/index.php\/producto\/nupec-felino-adulto-indoor\/","title":{"rendered":"NUPEC Alimento para Gatos Adultos INDOOR"},"content":{"rendered":"<h6>Croqueta plana para una prehensi\u00f3n efectiva. Forma de luneta dise\u00f1ada para una adecuada masticaci\u00f3n.<\/h6>\n<p>&nbsp;<\/p>\n<h6 style=\"text-align: left;\">Ingredientes:<\/h6>\n<h6 style=\"text-align: left;\">Harina de carne de pollo, arroz cervecero, grasa de pollo, ma\u00edz, pulpa de remolacha, harina de pescado, aceite de pescado, sabor natural de pollo, extracto de ra\u00edz de achicoria, fructooligosac\u00e1ridos, cloruro de sodio, cloruro de potasio, cloruro de colina, betaglucanos y mananooligosacaridos (<i>derivado de la pared celular de saccharomyces cerevisiae activa<\/i>\u00a01&#215;10<label class=\"mr\">10<\/label>UFC\/g), taurina, acetato de retinol (fuente de vitamina A), colecalciferol (fuente de vitamina D), acetato de DL-\u03b1-tocoferol (fuente de vitamina E), menadiona nicotinamida bisulfato (fuente de vitamina K), \u00e1cido asc\u00f3rbico (fuente de vitamina C), mononitrato de tiamina (fuente de vitamina B1), riboflavina (fuente de vitamina B2), \u00e1cido nicot\u00ednico (fuente de vitamina B3), clorhidrato de piridoxina (fuente de vitamina B6), cianocobalamina (fuente de vitamina B12), D-biotina (fuente de vitamina H), D-pantotenato de calcio (fuente de vitamina B5), \u00e1cido f\u00f3lico, oligoelementos (proteinato de zinc, proteinato de manganeso, proteinato de cobre, EDDI, glicinato de hierro, selenito de sodio), extracto de\u00a0<i>Yucca schidigera<\/i>, mezcla de tocoferoles y extracto de romero como conservadores.<\/h6>\n","protected":false},"excerpt":{"rendered":"<p>Croqueta plana para una prehensi\u00f3n efectiva. Forma de luneta dise\u00f1ada para una adecuada masticaci\u00f3n. &nbsp; Ingredientes: Harina de carne de pollo, arroz cervecero, grasa de pollo, ma\u00edz, pulpa de remolacha, harina de pescado, aceite de pescado, sabor natural de pollo, extracto de ra\u00edz de achicoria, fructooligosac\u00e1ridos, cloruro de sodio, cloruro de potasio, cloruro de colina, [&hellip;]<\/p>\n","protected":false},"featured_media":207,"comment_status":"open","ping_status":"closed","template":"","meta":{"site-sidebar-layout":"default","site-content-layout":"default","ast-site-content-layout":"","site-content-style":"default","site-sidebar-style":"default","ast-global-header-display":"","ast-banner-title-visibility":"","ast-main-header-display":"","ast-hfb-above-header-display":"","ast-hfb-below-header-display":"","ast-hfb-mobile-header-display":"","site-post-title":"","ast-breadcrumbs-content":"","ast-featured-img":"","footer-sml-layout":"","theme-transparent-header-meta":"default","adv-header-id-meta":"","stick-header-meta":"","header-above-stick-meta":"","header-main-stick-meta":"","header-below-stick-meta":"","astra-migrate-meta-layouts":"default","ast-page-background-enabled":"default","ast-page-background-meta":{"desktop":{"background-color":"var(--ast-global-color-4)","background-image":"","background-repeat":"repeat","background-position":"center center","background-size":"auto","background-attachment":"scroll","background-type":"","background-media":"","overlay-type":"","overlay-color":"","overlay-opacity":"","overlay-gradient":""},"tablet":{"background-color":"","background-image":"","background-repeat":"repeat","background-position":"center center","background-size":"auto","background-attachment":"scroll","background-type":"","background-media":"","overlay-type":"","overlay-color":"","overlay-opacity":"","overlay-gradient":""},"mobile":{"background-color":"","background-image":"","background-repeat":"repeat","background-position":"center center","background-size":"auto","background-attachment":"scroll","background-type":"","background-media":"","overlay-type":"","overlay-color":"","overlay-opacity":"","overlay-gradient":""}},"ast-content-background-meta":{"desktop":{"background-color":"var(--ast-global-color-5)","background-image":"","background-repeat":"repeat","background-position":"center center","background-size":"auto","background-attachment":"scroll","background-type":"","background-media":"","overlay-type":"","overlay-color":"","overlay-opacity":"","overlay-gradient":""},"tablet":{"background-color":"var(--ast-global-color-5)","background-image":"","background-repeat":"repeat","background-position":"center center","background-size":"auto","background-attachment":"scroll","background-type":"","background-media":"","overlay-type":"","overlay-color":"","overlay-opacity":"","overlay-gradient":""},"mobile":{"background-color":"var(--ast-global-color-5)","background-image":"","background-repeat":"repeat","background-position":"center center","background-size":"auto","background-attachment":"scroll","background-type":"","background-media":"","overlay-type":"","overlay-color":"","overlay-opacity":"","overlay-gradient":""}}},"product_cat":[19,18,23],"product_tag":[],"class_list":{"0":"post-206","1":"product","2":"type-product","3":"status-publish","4":"has-post-thumbnail","6":"product_cat-adulto","7":"product_cat-croqueta","8":"product_cat-gato","9":"desktop-align-left","10":"tablet-align-left","11":"mobile-align-left","13":"first","14":"instock","15":"shipping-taxable","16":"product-type-simple"},"_links":{"self":[{"href":"https:\/\/croquetasparaayer.com.mx\/index.php\/wp-json\/wp\/v2\/product\/206","targetHints":{"allow":["GET"]}}],"collection":[{"href":"https:\/\/croquetasparaayer.com.mx\/index.php\/wp-json\/wp\/v2\/product"}],"about":[{"href":"https:\/\/croquetasparaayer.com.mx\/index.php\/wp-json\/wp\/v2\/types\/product"}],"replies":[{"embeddable":true,"href":"https:\/\/croquetasparaayer.com.mx\/index.php\/wp-json\/wp\/v2\/comments?post=206"}],"wp:featuredmedia":[{"embeddable":true,"href":"https:\/\/croquetasparaayer.com.mx\/index.php\/wp-json\/wp\/v2\/media\/207"}],"wp:attachment":[{"href":"https:\/\/croquetasparaayer.com.mx\/index.php\/wp-json\/wp\/v2\/media?parent=206"}],"wp:term":[{"taxonomy":"product_cat","embeddable":true,"href":"https:\/\/croquetasparaayer.com.mx\/index.php\/wp-json\/wp\/v2\/product_cat?post=206"},{"taxonomy":"product_tag","embeddable":true,"href":"https:\/\/croquetasparaayer.com.mx\/index.php\/wp-json\/wp\/v2\/product_tag?post=206"}],"curies":[{"name":"wp","href":"https:\/\/api.w.org\/{rel}","templated":true}]}}