{"id":248,"date":"2023-05-25T17:16:47","date_gmt":"2023-05-25T23:16:47","guid":{"rendered":"https:\/\/croquetasparaayer.com.mx\/?post_type=product&#038;p=248"},"modified":"2023-05-25T17:17:43","modified_gmt":"2023-05-25T23:17:43","slug":"royal-canin-persan","status":"publish","type":"product","link":"https:\/\/croquetasparaayer.com.mx\/index.php\/producto\/royal-canin-persan\/","title":{"rendered":"Royal Canin Persan Persian"},"content":{"rendered":"<p>Alimento seco Royal Canin espec\u00edfico para gatos Persa adultos mayores de 12 meses de edad.<\/p>\n<h4 class=\"rc-delta rc-margin-y--none rc-padding-bottom--sm--mobile rc-padding-bottom--xs--desktop\">Especial mand\u00edbula braquic\u00e9fala<\/h4>\n<p class=\"rc-margin-y--none\">Esta croqueta exclusiva, en forma de almendra y con una \u00f3ptima superficie de contacto, facilita al gato de raza Persa la prensi\u00f3n y la masticaci\u00f3n.<\/p>\n<h4 class=\"rc-delta rc-margin-y--none rc-padding-bottom--sm--mobile rc-padding-bottom--xs--desktop\">Pelo largo saludable<\/h4>\n<p class=\"rc-margin-y--none\">Un pelaje largo y lujoso, con una densa capa de fondo, es el sello distintivo del gato persa.<\/p>\n<h4 class=\"rc-delta rc-margin-y--none rc-padding-bottom--sm--mobile rc-padding-bottom--xs--desktop\">Reducci\u00f3n de bolas de pelo<\/h4>\n<p class=\"rc-margin-y--none\">Debido a la longitud y la densidad de su pelaje, el gato persa se traga una gran cantidad de cabello durante el aseo. Una mezcla espec\u00edfica de fibras (incluido el psyllium rico en muc\u00edlago) ayuda a estimular naturalmente el tr\u00e1nsito intestinal, a eliminar el cabello ingerido y a controlar la formaci\u00f3n de bolas de pelo.<\/p>\n<h4 class=\"rc-delta rc-margin-y--none rc-padding-bottom--sm--mobile rc-padding-bottom--xs--desktop\">Salud digestiva<\/h4>\n<p class=\"rc-margin-y--none\">Prote\u00ednas altamente digestibles (L.I.P.*), un \u00f3ptimo contenido de fibras y prebi\u00f3ticos ayudan a promover una flora intestinal balanceada y contribuyen a una digesti\u00f3n saludable.\u00a0*L.I.P: Prote\u00edna seleccionada por su alta digestibilidad.<\/p>\n","protected":false},"excerpt":{"rendered":"<p>Alimento seco Royal Canin espec\u00edfico para gatos Persa adultos mayores de 12 meses de edad. Especial mand\u00edbula braquic\u00e9fala Esta croqueta exclusiva, en forma de almendra y con una \u00f3ptima superficie de contacto, facilita al gato de raza Persa la prensi\u00f3n y la masticaci\u00f3n. Pelo largo saludable Un pelaje largo y lujoso, con una densa capa [&hellip;]<\/p>\n","protected":false},"featured_media":249,"comment_status":"open","ping_status":"closed","template":"","meta":{"site-sidebar-layout":"default","site-content-layout":"default","ast-site-content-layout":"","site-content-style":"default","site-sidebar-style":"default","ast-global-header-display":"","ast-banner-title-visibility":"","ast-main-header-display":"","ast-hfb-above-header-display":"","ast-hfb-below-header-display":"","ast-hfb-mobile-header-display":"","site-post-title":"","ast-breadcrumbs-content":"","ast-featured-img":"","footer-sml-layout":"","theme-transparent-header-meta":"default","adv-header-id-meta":"","stick-header-meta":"","header-above-stick-meta":"","header-main-stick-meta":"","header-below-stick-meta":"","astra-migrate-meta-layouts":"default","ast-page-background-enabled":"default","ast-page-background-meta":{"desktop":{"background-color":"var(--ast-global-color-4)","background-image":"","background-repeat":"repeat","background-position":"center center","background-size":"auto","background-attachment":"scroll","background-type":"","background-media":"","overlay-type":"","overlay-color":"","overlay-opacity":"","overlay-gradient":""},"tablet":{"background-color":"","background-image":"","background-repeat":"repeat","background-position":"center center","background-size":"auto","background-attachment":"scroll","background-type":"","background-media":"","overlay-type":"","overlay-color":"","overlay-opacity":"","overlay-gradient":""},"mobile":{"background-color":"","background-image":"","background-repeat":"repeat","background-position":"center center","background-size":"auto","background-attachment":"scroll","background-type":"","background-media":"","overlay-type":"","overlay-color":"","overlay-opacity":"","overlay-gradient":""}},"ast-content-background-meta":{"desktop":{"background-color":"var(--ast-global-color-5)","background-image":"","background-repeat":"repeat","background-position":"center center","background-size":"auto","background-attachment":"scroll","background-type":"","background-media":"","overlay-type":"","overlay-color":"","overlay-opacity":"","overlay-gradient":""},"tablet":{"background-color":"var(--ast-global-color-5)","background-image":"","background-repeat":"repeat","background-position":"center center","background-size":"auto","background-attachment":"scroll","background-type":"","background-media":"","overlay-type":"","overlay-color":"","overlay-opacity":"","overlay-gradient":""},"mobile":{"background-color":"var(--ast-global-color-5)","background-image":"","background-repeat":"repeat","background-position":"center center","background-size":"auto","background-attachment":"scroll","background-type":"","background-media":"","overlay-type":"","overlay-color":"","overlay-opacity":"","overlay-gradient":""}}},"product_cat":[19,18,23],"product_tag":[],"class_list":{"0":"post-248","1":"product","2":"type-product","3":"status-publish","4":"has-post-thumbnail","6":"product_cat-adulto","7":"product_cat-croqueta","8":"product_cat-gato","9":"desktop-align-left","10":"tablet-align-left","11":"mobile-align-left","13":"first","14":"instock","15":"shipping-taxable","16":"product-type-simple"},"_links":{"self":[{"href":"https:\/\/croquetasparaayer.com.mx\/index.php\/wp-json\/wp\/v2\/product\/248","targetHints":{"allow":["GET"]}}],"collection":[{"href":"https:\/\/croquetasparaayer.com.mx\/index.php\/wp-json\/wp\/v2\/product"}],"about":[{"href":"https:\/\/croquetasparaayer.com.mx\/index.php\/wp-json\/wp\/v2\/types\/product"}],"replies":[{"embeddable":true,"href":"https:\/\/croquetasparaayer.com.mx\/index.php\/wp-json\/wp\/v2\/comments?post=248"}],"wp:featuredmedia":[{"embeddable":true,"href":"https:\/\/croquetasparaayer.com.mx\/index.php\/wp-json\/wp\/v2\/media\/249"}],"wp:attachment":[{"href":"https:\/\/croquetasparaayer.com.mx\/index.php\/wp-json\/wp\/v2\/media?parent=248"}],"wp:term":[{"taxonomy":"product_cat","embeddable":true,"href":"https:\/\/croquetasparaayer.com.mx\/index.php\/wp-json\/wp\/v2\/product_cat?post=248"},{"taxonomy":"product_tag","embeddable":true,"href":"https:\/\/croquetasparaayer.com.mx\/index.php\/wp-json\/wp\/v2\/product_tag?post=248"}],"curies":[{"name":"wp","href":"https:\/\/api.w.org\/{rel}","templated":true}]}}