{"id":250,"date":"2023-05-25T17:23:37","date_gmt":"2023-05-25T23:23:37","guid":{"rendered":"https:\/\/croquetasparaayer.com.mx\/?post_type=product&#038;p=250"},"modified":"2023-07-28T14:45:36","modified_gmt":"2023-07-28T20:45:36","slug":"royal-canin-satiety-support-feline","status":"publish","type":"product","link":"https:\/\/croquetasparaayer.com.mx\/index.php\/producto\/royal-canin-satiety-support-feline\/","title":{"rendered":"Royal Canin Satiety Support Feline"},"content":{"rendered":"<p>Royal Canin Prescripci\u00f3n Satiety Support es un alimento seco dise\u00f1ado para gatos con obesidad y\/o sobrepeso.<\/p>\n<div class=\"attributes-title\">\n<h4>Beneficios:<\/h4>\n<\/div>\n<ul>\n<li>Enriquecido con nutrientes, minerales y vitaminas para evitar de ciencias durante el periodo de restricci\u00f3n cal\u00f3rica.<\/li>\n<li>Elevado contenido de prote\u00ednas (111 g\/1000 kcal EM) que contribuye a mantener la masa muscular durante el periodo de adelgazamiento.<\/li>\n<li>\u00c1cidos grasos esenciales (Omega 3 y Omega 6) y oligoelementos (Cu, Zn) para ayudar a mantener una piel y un pelaje sanos.<\/li>\n<li>Contiene una mezcla especial de fibras que tiene un efecto saciante en los gatos.<\/li>\n<li>El logo S\/O index garantiza que esta dieta promueve un medio ambiente urinario desfavorable a la formaci\u00f3n de c\u00e1lculos de estruvita y oxalato de calcio.<\/li>\n<\/ul>\n","protected":false},"excerpt":{"rendered":"<p>Royal Canin Prescripci\u00f3n Satiety Support es un alimento seco dise\u00f1ado para gatos con obesidad y\/o sobrepeso. Beneficios: Enriquecido con nutrientes, minerales y vitaminas para evitar de ciencias durante el periodo de restricci\u00f3n cal\u00f3rica. Elevado contenido de prote\u00ednas (111 g\/1000 kcal EM) que contribuye a mantener la masa muscular durante el periodo de adelgazamiento. \u00c1cidos grasos [&hellip;]<\/p>\n","protected":false},"featured_media":251,"comment_status":"open","ping_status":"closed","template":"","meta":{"site-sidebar-layout":"default","site-content-layout":"default","ast-site-content-layout":"","site-content-style":"default","site-sidebar-style":"default","ast-global-header-display":"","ast-banner-title-visibility":"","ast-main-header-display":"","ast-hfb-above-header-display":"","ast-hfb-below-header-display":"","ast-hfb-mobile-header-display":"","site-post-title":"","ast-breadcrumbs-content":"","ast-featured-img":"","footer-sml-layout":"","theme-transparent-header-meta":"default","adv-header-id-meta":"","stick-header-meta":"","header-above-stick-meta":"","header-main-stick-meta":"","header-below-stick-meta":"","astra-migrate-meta-layouts":"default","ast-page-background-enabled":"default","ast-page-background-meta":{"desktop":{"background-color":"var(--ast-global-color-4)","background-image":"","background-repeat":"repeat","background-position":"center center","background-size":"auto","background-attachment":"scroll","background-type":"","background-media":"","overlay-type":"","overlay-color":"","overlay-opacity":"","overlay-gradient":""},"tablet":{"background-color":"","background-image":"","background-repeat":"repeat","background-position":"center center","background-size":"auto","background-attachment":"scroll","background-type":"","background-media":"","overlay-type":"","overlay-color":"","overlay-opacity":"","overlay-gradient":""},"mobile":{"background-color":"","background-image":"","background-repeat":"repeat","background-position":"center center","background-size":"auto","background-attachment":"scroll","background-type":"","background-media":"","overlay-type":"","overlay-color":"","overlay-opacity":"","overlay-gradient":""}},"ast-content-background-meta":{"desktop":{"background-color":"var(--ast-global-color-5)","background-image":"","background-repeat":"repeat","background-position":"center center","background-size":"auto","background-attachment":"scroll","background-type":"","background-media":"","overlay-type":"","overlay-color":"","overlay-opacity":"","overlay-gradient":""},"tablet":{"background-color":"var(--ast-global-color-5)","background-image":"","background-repeat":"repeat","background-position":"center center","background-size":"auto","background-attachment":"scroll","background-type":"","background-media":"","overlay-type":"","overlay-color":"","overlay-opacity":"","overlay-gradient":""},"mobile":{"background-color":"var(--ast-global-color-5)","background-image":"","background-repeat":"repeat","background-position":"center center","background-size":"auto","background-attachment":"scroll","background-type":"","background-media":"","overlay-type":"","overlay-color":"","overlay-opacity":"","overlay-gradient":""}}},"product_cat":[30,23],"product_tag":[],"class_list":{"0":"post-250","1":"product","2":"type-product","3":"status-publish","4":"has-post-thumbnail","6":"product_cat-gatito","7":"product_cat-gato","8":"desktop-align-left","9":"tablet-align-left","10":"mobile-align-left","12":"first","13":"instock","14":"shipping-taxable","15":"product-type-simple"},"_links":{"self":[{"href":"https:\/\/croquetasparaayer.com.mx\/index.php\/wp-json\/wp\/v2\/product\/250","targetHints":{"allow":["GET"]}}],"collection":[{"href":"https:\/\/croquetasparaayer.com.mx\/index.php\/wp-json\/wp\/v2\/product"}],"about":[{"href":"https:\/\/croquetasparaayer.com.mx\/index.php\/wp-json\/wp\/v2\/types\/product"}],"replies":[{"embeddable":true,"href":"https:\/\/croquetasparaayer.com.mx\/index.php\/wp-json\/wp\/v2\/comments?post=250"}],"wp:featuredmedia":[{"embeddable":true,"href":"https:\/\/croquetasparaayer.com.mx\/index.php\/wp-json\/wp\/v2\/media\/251"}],"wp:attachment":[{"href":"https:\/\/croquetasparaayer.com.mx\/index.php\/wp-json\/wp\/v2\/media?parent=250"}],"wp:term":[{"taxonomy":"product_cat","embeddable":true,"href":"https:\/\/croquetasparaayer.com.mx\/index.php\/wp-json\/wp\/v2\/product_cat?post=250"},{"taxonomy":"product_tag","embeddable":true,"href":"https:\/\/croquetasparaayer.com.mx\/index.php\/wp-json\/wp\/v2\/product_tag?post=250"}],"curies":[{"name":"wp","href":"https:\/\/api.w.org\/{rel}","templated":true}]}}