{"id":254,"date":"2023-05-25T17:34:30","date_gmt":"2023-05-25T23:34:30","guid":{"rendered":"https:\/\/croquetasparaayer.com.mx\/?post_type=product&#038;p=254"},"modified":"2023-05-25T17:59:20","modified_gmt":"2023-05-25T23:59:20","slug":"diamond-care-urinary-support","status":"publish","type":"product","link":"https:\/\/croquetasparaayer.com.mx\/index.php\/producto\/diamond-care-urinary-support\/","title":{"rendered":"Diamond CARE  Urinary support"},"content":{"rendered":"<p>Especialmente formulado para GATOS adultos con problemas en v\u00edas urinarias<\/p>\n<ul>\n<li>Ayuda\u00a0A\u00a0Reducir\u00a0El\u00a0Nivel\u00a0De\u00a0PH\u00a0Para\u00a0La\u00a0Salud\u00a0Del\u00a0Tracto<\/li>\n<li>Niveles Garantizados De \u00c1cidos Grasos Omega-6 Y Omega-3 Para La Salud De La Piel Y El Pelaje<\/li>\n<li>Antioxidantes\u00a0Para\u00a0El\u00a0Apoyo\u00a0Inmunol\u00f3gico.<\/li>\n<li>Completo\u00a0Y\u00a0Equilibrado Para La Alimentaci\u00f3n Diaria A Largo Plazo<\/li>\n<\/ul>\n<p><!--more--><\/p>\n<h4>INGREDIENTES:<\/h4>\n<p>Harina De Carne De Pollo, Arroz Integral, Arroz Cervecero, Harina De Gluten De Ma\u00edz, Grasa De Pollo (Preservada Con Tocoferoles Mixtos), Saborizante Natural (Pollo), Linaza, Bisulfato De Sodio, Cloruro De Potasio, Aceite De Salm\u00f3n, DL-Metionina, Sulfato De Calcio, Taurina, Proteinato De Zinc, Suplemento De Vitamina E, Niacina, Proteinato De Manganeso, Proteinato De Cobre, Sulfato De Zinc, Sulfato De Manganeso, Sulfato De Cobre, Mononitrato De Tiamina (Vitamina B1), Suplemento De Vitamina A, Biotina, Yodato De Potasio, Pantotenato De Calcio, RiboGavina (Vitamina B2), Clorhidrato De Piridoxina (Vitamina B6), Suplemento De Vitamina B12, \u00d3xido De Manganeso, Selenito De Sodio, Suplemento De Vitamina D3, \u00c1cido F\u00f3lico.<\/p>\n","protected":false},"excerpt":{"rendered":"<p>Especialmente formulado para GATOS adultos con problemas en v\u00edas urinarias Ayuda\u00a0A\u00a0Reducir\u00a0El\u00a0Nivel\u00a0De\u00a0PH\u00a0Para\u00a0La\u00a0Salud\u00a0Del\u00a0Tracto Niveles Garantizados De \u00c1cidos Grasos Omega-6 Y Omega-3 Para La Salud De La Piel Y El Pelaje Antioxidantes\u00a0Para\u00a0El\u00a0Apoyo\u00a0Inmunol\u00f3gico. Completo\u00a0Y\u00a0Equilibrado Para La Alimentaci\u00f3n Diaria A Largo Plazo<\/p>\n","protected":false},"featured_media":255,"comment_status":"open","ping_status":"closed","template":"","meta":{"site-sidebar-layout":"default","site-content-layout":"default","ast-site-content-layout":"","site-content-style":"default","site-sidebar-style":"default","ast-global-header-display":"","ast-banner-title-visibility":"","ast-main-header-display":"","ast-hfb-above-header-display":"","ast-hfb-below-header-display":"","ast-hfb-mobile-header-display":"","site-post-title":"","ast-breadcrumbs-content":"","ast-featured-img":"","footer-sml-layout":"","theme-transparent-header-meta":"default","adv-header-id-meta":"","stick-header-meta":"","header-above-stick-meta":"","header-main-stick-meta":"","header-below-stick-meta":"","astra-migrate-meta-layouts":"default","ast-page-background-enabled":"default","ast-page-background-meta":{"desktop":{"background-color":"var(--ast-global-color-4)","background-image":"","background-repeat":"repeat","background-position":"center center","background-size":"auto","background-attachment":"scroll","background-type":"","background-media":"","overlay-type":"","overlay-color":"","overlay-opacity":"","overlay-gradient":""},"tablet":{"background-color":"","background-image":"","background-repeat":"repeat","background-position":"center center","background-size":"auto","background-attachment":"scroll","background-type":"","background-media":"","overlay-type":"","overlay-color":"","overlay-opacity":"","overlay-gradient":""},"mobile":{"background-color":"","background-image":"","background-repeat":"repeat","background-position":"center center","background-size":"auto","background-attachment":"scroll","background-type":"","background-media":"","overlay-type":"","overlay-color":"","overlay-opacity":"","overlay-gradient":""}},"ast-content-background-meta":{"desktop":{"background-color":"var(--ast-global-color-5)","background-image":"","background-repeat":"repeat","background-position":"center center","background-size":"auto","background-attachment":"scroll","background-type":"","background-media":"","overlay-type":"","overlay-color":"","overlay-opacity":"","overlay-gradient":""},"tablet":{"background-color":"var(--ast-global-color-5)","background-image":"","background-repeat":"repeat","background-position":"center center","background-size":"auto","background-attachment":"scroll","background-type":"","background-media":"","overlay-type":"","overlay-color":"","overlay-opacity":"","overlay-gradient":""},"mobile":{"background-color":"var(--ast-global-color-5)","background-image":"","background-repeat":"repeat","background-position":"center center","background-size":"auto","background-attachment":"scroll","background-type":"","background-media":"","overlay-type":"","overlay-color":"","overlay-opacity":"","overlay-gradient":""}}},"product_cat":[19,18,23,27],"product_tag":[],"class_list":{"0":"post-254","1":"product","2":"type-product","3":"status-publish","4":"has-post-thumbnail","6":"product_cat-adulto","7":"product_cat-croqueta","8":"product_cat-gato","9":"product_cat-veterinary-diet","10":"desktop-align-left","11":"tablet-align-left","12":"mobile-align-left","14":"first","15":"instock","16":"shipping-taxable","17":"product-type-simple"},"_links":{"self":[{"href":"https:\/\/croquetasparaayer.com.mx\/index.php\/wp-json\/wp\/v2\/product\/254","targetHints":{"allow":["GET"]}}],"collection":[{"href":"https:\/\/croquetasparaayer.com.mx\/index.php\/wp-json\/wp\/v2\/product"}],"about":[{"href":"https:\/\/croquetasparaayer.com.mx\/index.php\/wp-json\/wp\/v2\/types\/product"}],"replies":[{"embeddable":true,"href":"https:\/\/croquetasparaayer.com.mx\/index.php\/wp-json\/wp\/v2\/comments?post=254"}],"wp:featuredmedia":[{"embeddable":true,"href":"https:\/\/croquetasparaayer.com.mx\/index.php\/wp-json\/wp\/v2\/media\/255"}],"wp:attachment":[{"href":"https:\/\/croquetasparaayer.com.mx\/index.php\/wp-json\/wp\/v2\/media?parent=254"}],"wp:term":[{"taxonomy":"product_cat","embeddable":true,"href":"https:\/\/croquetasparaayer.com.mx\/index.php\/wp-json\/wp\/v2\/product_cat?post=254"},{"taxonomy":"product_tag","embeddable":true,"href":"https:\/\/croquetasparaayer.com.mx\/index.php\/wp-json\/wp\/v2\/product_tag?post=254"}],"curies":[{"name":"wp","href":"https:\/\/api.w.org\/{rel}","templated":true}]}}