{"id":256,"date":"2023-05-25T17:45:29","date_gmt":"2023-05-25T23:45:29","guid":{"rendered":"https:\/\/croquetasparaayer.com.mx\/?post_type=product&#038;p=256"},"modified":"2023-05-25T17:46:59","modified_gmt":"2023-05-25T23:46:59","slug":"diamond-care-weight-management","status":"publish","type":"product","link":"https:\/\/croquetasparaayer.com.mx\/index.php\/producto\/diamond-care-weight-management\/","title":{"rendered":"Diamond CARE Weight Management"},"content":{"rendered":"<p>Dieta libre de granos, baja en grasas y alta en fibra para bajar y mantener peso. Ayuda a reducir peso sin sentir hambre. La fibra insoluble ayuda al gato a sentirse satisfecho mientras que la L-Carnitina metaboliza la grasa. Para asegurarnos que el gato alimentado con esta f\u00f3rmula obtenga todos los nutrientes necesarios se le a\u00f1aden \u00e1cidos grasos Omega, antioxidantes para la salud del tracto urinario, probi\u00f3ticos garantizados y fibra para una digesti\u00f3n saludable y control de bolas de pelo. Es una dieta completa, por lo que se puede alimentar a largo plazo.<!--more--><\/p>\n<h4><label for=\"\">INGREDIENTES:<\/label><\/h4>\n<p>Pollo, harina de carne de pollo, harina de carne de pavo, garbanzos, lentejas, ch\u00edcharos, fibra insoluble, grasa de pollo (conservada con tocoferoles mixtos), sabor natural, producto de huevo, linaza, bisulfato de sodio, DL-metionina, cloruro de colina, taurina, ra\u00edz de achicoria seca, L-Carnitina, Lactobacillus secado, producto de fermentaci\u00f3n acidophilus, Bifidobacterium animalis producto de fermentaci\u00f3n, vitamina E, proteinato de zinc, niacina, proteinato de manganeso, proteinato de cobre, sulfato de zinc, sulfato de magneso, sulfato de cobre, mononitrato de tiamina (vitamina B1),biotina, yoduro de potasio, pantotenato de calcio, riboflavina (vitamina B2), clorhidrato de piridoxina (vitamina B6), vitamina B12, \u00f3xido manganoso, selenita s\u00f3dica, vitamina D3 suplemento, \u00e1cido f\u00f3lico.<\/p>\n","protected":false},"excerpt":{"rendered":"<p>Dieta libre de granos, baja en grasas y alta en fibra para bajar y mantener peso. Ayuda a reducir peso sin sentir hambre. La fibra insoluble ayuda al gato a sentirse satisfecho mientras que la L-Carnitina metaboliza la grasa. Para asegurarnos que el gato alimentado con esta f\u00f3rmula obtenga todos los nutrientes necesarios se le [&hellip;]<\/p>\n","protected":false},"featured_media":257,"comment_status":"open","ping_status":"closed","template":"","meta":{"site-sidebar-layout":"default","site-content-layout":"default","ast-site-content-layout":"","site-content-style":"default","site-sidebar-style":"default","ast-global-header-display":"","ast-banner-title-visibility":"","ast-main-header-display":"","ast-hfb-above-header-display":"","ast-hfb-below-header-display":"","ast-hfb-mobile-header-display":"","site-post-title":"","ast-breadcrumbs-content":"","ast-featured-img":"","footer-sml-layout":"","theme-transparent-header-meta":"default","adv-header-id-meta":"","stick-header-meta":"","header-above-stick-meta":"","header-main-stick-meta":"","header-below-stick-meta":"","astra-migrate-meta-layouts":"default","ast-page-background-enabled":"default","ast-page-background-meta":{"desktop":{"background-color":"var(--ast-global-color-4)","background-image":"","background-repeat":"repeat","background-position":"center center","background-size":"auto","background-attachment":"scroll","background-type":"","background-media":"","overlay-type":"","overlay-color":"","overlay-opacity":"","overlay-gradient":""},"tablet":{"background-color":"","background-image":"","background-repeat":"repeat","background-position":"center center","background-size":"auto","background-attachment":"scroll","background-type":"","background-media":"","overlay-type":"","overlay-color":"","overlay-opacity":"","overlay-gradient":""},"mobile":{"background-color":"","background-image":"","background-repeat":"repeat","background-position":"center center","background-size":"auto","background-attachment":"scroll","background-type":"","background-media":"","overlay-type":"","overlay-color":"","overlay-opacity":"","overlay-gradient":""}},"ast-content-background-meta":{"desktop":{"background-color":"var(--ast-global-color-5)","background-image":"","background-repeat":"repeat","background-position":"center center","background-size":"auto","background-attachment":"scroll","background-type":"","background-media":"","overlay-type":"","overlay-color":"","overlay-opacity":"","overlay-gradient":""},"tablet":{"background-color":"var(--ast-global-color-5)","background-image":"","background-repeat":"repeat","background-position":"center center","background-size":"auto","background-attachment":"scroll","background-type":"","background-media":"","overlay-type":"","overlay-color":"","overlay-opacity":"","overlay-gradient":""},"mobile":{"background-color":"var(--ast-global-color-5)","background-image":"","background-repeat":"repeat","background-position":"center center","background-size":"auto","background-attachment":"scroll","background-type":"","background-media":"","overlay-type":"","overlay-color":"","overlay-opacity":"","overlay-gradient":""}}},"product_cat":[19,18,23],"product_tag":[],"class_list":{"0":"post-256","1":"product","2":"type-product","3":"status-publish","4":"has-post-thumbnail","6":"product_cat-adulto","7":"product_cat-croqueta","8":"product_cat-gato","9":"desktop-align-left","10":"tablet-align-left","11":"mobile-align-left","13":"first","14":"instock","15":"shipping-taxable","16":"product-type-simple"},"_links":{"self":[{"href":"https:\/\/croquetasparaayer.com.mx\/index.php\/wp-json\/wp\/v2\/product\/256","targetHints":{"allow":["GET"]}}],"collection":[{"href":"https:\/\/croquetasparaayer.com.mx\/index.php\/wp-json\/wp\/v2\/product"}],"about":[{"href":"https:\/\/croquetasparaayer.com.mx\/index.php\/wp-json\/wp\/v2\/types\/product"}],"replies":[{"embeddable":true,"href":"https:\/\/croquetasparaayer.com.mx\/index.php\/wp-json\/wp\/v2\/comments?post=256"}],"wp:featuredmedia":[{"embeddable":true,"href":"https:\/\/croquetasparaayer.com.mx\/index.php\/wp-json\/wp\/v2\/media\/257"}],"wp:attachment":[{"href":"https:\/\/croquetasparaayer.com.mx\/index.php\/wp-json\/wp\/v2\/media?parent=256"}],"wp:term":[{"taxonomy":"product_cat","embeddable":true,"href":"https:\/\/croquetasparaayer.com.mx\/index.php\/wp-json\/wp\/v2\/product_cat?post=256"},{"taxonomy":"product_tag","embeddable":true,"href":"https:\/\/croquetasparaayer.com.mx\/index.php\/wp-json\/wp\/v2\/product_tag?post=256"}],"curies":[{"name":"wp","href":"https:\/\/api.w.org\/{rel}","templated":true}]}}