{"id":258,"date":"2023-05-25T17:56:31","date_gmt":"2023-05-25T23:56:31","guid":{"rendered":"https:\/\/croquetasparaayer.com.mx\/?post_type=product&#038;p=258"},"modified":"2023-05-25T17:58:12","modified_gmt":"2023-05-25T23:58:12","slug":"royal-canin-gastrointestinal","status":"publish","type":"product","link":"https:\/\/croquetasparaayer.com.mx\/index.php\/producto\/royal-canin-gastrointestinal\/","title":{"rendered":"Royal Canin Gastrointestinal"},"content":{"rendered":"<p>Royal Canin Prescripci\u00f3n Gastrointestinal High Energ\u00eda es un alimento seco para gato con trastornos gastrointestinales, diarrea aguda y cr\u00f3nica, enfermedad intestinal inflamatoria (EII), mala digesti\u00f3n, mala absorci\u00f3n, colitis seg\u00fan estado cl\u00ednico, convalecencia, sobre crecimiento bacteriano, gastritis, enteritis y colitis. Su formulaci\u00f3n incluye una combinaci\u00f3n de prote\u00ednas altamente digestibles y fibras equilibradas incluyendo prebi\u00f3ticos, EPA y DHA que ayudan a mantener la salud digestiva.<\/p>\n<div class=\"attributes-title\">\n<h4>Beneficios:<\/h4>\n<\/div>\n<ul>\n<li>La combinaci\u00f3n de prote\u00ednas altamente digestibles (prote\u00ednas L.I.P.**), prebi\u00f3ticos (Fructo-Oligo-Sac\u00e1ridos y Manano-Oligo-Sac\u00e1ridos), pulpa de remolacha, arroz y aceite de pescado, aseguran la m\u00e1xima seguridad digestiva. **LIP (Low Indigestible Protein) prote\u00edna seleccionada por su elevada asimilaci\u00f3n.<\/li>\n<li>Los \u00e1cidos Eicosapentaenoico y Docosahexaenoico, son \u00e1cidos grasos Omega 3 de cadena larga, que contribuyen a la salud del sistema digestivo.<\/li>\n<li>La elevada densidad de energ\u00eda, permite cubrir los requerimientos de energ\u00eda, adem\u00e1s de reducir la cantidad de alimento por toma, por lo tanto se reduce el trabajo digestivo. Tambi\u00e9n ayuda a promover la ganancia de peso durante el periodo de enfermedad.<\/li>\n<li>Con conservadores naturales. Una mezcla precisa de antioxidantes, ayuda a mantener un sistema inmunol\u00f3gico saludable.<\/li>\n<li>El logo S\/O \u00edndex garantiza que esta dieta promueve un medio ambiente urinario desfavorable a la formaci\u00f3n de c\u00e1lculos de estruvita y oxalato de calcio.<\/li>\n<\/ul>\n","protected":false},"excerpt":{"rendered":"<p>Royal Canin Prescripci\u00f3n Gastrointestinal High Energ\u00eda es un alimento seco para gato con trastornos gastrointestinales, diarrea aguda y cr\u00f3nica, enfermedad intestinal inflamatoria (EII), mala digesti\u00f3n, mala absorci\u00f3n, colitis seg\u00fan estado cl\u00ednico, convalecencia, sobre crecimiento bacteriano, gastritis, enteritis y colitis. Su formulaci\u00f3n incluye una combinaci\u00f3n de prote\u00ednas altamente digestibles y fibras equilibradas incluyendo prebi\u00f3ticos, EPA y [&hellip;]<\/p>\n","protected":false},"featured_media":259,"comment_status":"open","ping_status":"closed","template":"","meta":{"site-sidebar-layout":"default","site-content-layout":"default","ast-site-content-layout":"","site-content-style":"default","site-sidebar-style":"default","ast-global-header-display":"","ast-banner-title-visibility":"","ast-main-header-display":"","ast-hfb-above-header-display":"","ast-hfb-below-header-display":"","ast-hfb-mobile-header-display":"","site-post-title":"","ast-breadcrumbs-content":"","ast-featured-img":"","footer-sml-layout":"","theme-transparent-header-meta":"default","adv-header-id-meta":"","stick-header-meta":"","header-above-stick-meta":"","header-main-stick-meta":"","header-below-stick-meta":"","astra-migrate-meta-layouts":"default","ast-page-background-enabled":"default","ast-page-background-meta":{"desktop":{"background-color":"var(--ast-global-color-4)","background-image":"","background-repeat":"repeat","background-position":"center center","background-size":"auto","background-attachment":"scroll","background-type":"","background-media":"","overlay-type":"","overlay-color":"","overlay-opacity":"","overlay-gradient":""},"tablet":{"background-color":"","background-image":"","background-repeat":"repeat","background-position":"center center","background-size":"auto","background-attachment":"scroll","background-type":"","background-media":"","overlay-type":"","overlay-color":"","overlay-opacity":"","overlay-gradient":""},"mobile":{"background-color":"","background-image":"","background-repeat":"repeat","background-position":"center center","background-size":"auto","background-attachment":"scroll","background-type":"","background-media":"","overlay-type":"","overlay-color":"","overlay-opacity":"","overlay-gradient":""}},"ast-content-background-meta":{"desktop":{"background-color":"var(--ast-global-color-5)","background-image":"","background-repeat":"repeat","background-position":"center center","background-size":"auto","background-attachment":"scroll","background-type":"","background-media":"","overlay-type":"","overlay-color":"","overlay-opacity":"","overlay-gradient":""},"tablet":{"background-color":"var(--ast-global-color-5)","background-image":"","background-repeat":"repeat","background-position":"center center","background-size":"auto","background-attachment":"scroll","background-type":"","background-media":"","overlay-type":"","overlay-color":"","overlay-opacity":"","overlay-gradient":""},"mobile":{"background-color":"var(--ast-global-color-5)","background-image":"","background-repeat":"repeat","background-position":"center center","background-size":"auto","background-attachment":"scroll","background-type":"","background-media":"","overlay-type":"","overlay-color":"","overlay-opacity":"","overlay-gradient":""}}},"product_cat":[19,18,23,27],"product_tag":[],"class_list":{"0":"post-258","1":"product","2":"type-product","3":"status-publish","4":"has-post-thumbnail","6":"product_cat-adulto","7":"product_cat-croqueta","8":"product_cat-gato","9":"product_cat-veterinary-diet","10":"desktop-align-left","11":"tablet-align-left","12":"mobile-align-left","14":"first","15":"instock","16":"shipping-taxable","17":"product-type-simple"},"_links":{"self":[{"href":"https:\/\/croquetasparaayer.com.mx\/index.php\/wp-json\/wp\/v2\/product\/258","targetHints":{"allow":["GET"]}}],"collection":[{"href":"https:\/\/croquetasparaayer.com.mx\/index.php\/wp-json\/wp\/v2\/product"}],"about":[{"href":"https:\/\/croquetasparaayer.com.mx\/index.php\/wp-json\/wp\/v2\/types\/product"}],"replies":[{"embeddable":true,"href":"https:\/\/croquetasparaayer.com.mx\/index.php\/wp-json\/wp\/v2\/comments?post=258"}],"wp:featuredmedia":[{"embeddable":true,"href":"https:\/\/croquetasparaayer.com.mx\/index.php\/wp-json\/wp\/v2\/media\/259"}],"wp:attachment":[{"href":"https:\/\/croquetasparaayer.com.mx\/index.php\/wp-json\/wp\/v2\/media?parent=258"}],"wp:term":[{"taxonomy":"product_cat","embeddable":true,"href":"https:\/\/croquetasparaayer.com.mx\/index.php\/wp-json\/wp\/v2\/product_cat?post=258"},{"taxonomy":"product_tag","embeddable":true,"href":"https:\/\/croquetasparaayer.com.mx\/index.php\/wp-json\/wp\/v2\/product_tag?post=258"}],"curies":[{"name":"wp","href":"https:\/\/api.w.org\/{rel}","templated":true}]}}