{"id":260,"date":"2023-05-25T18:02:19","date_gmt":"2023-05-26T00:02:19","guid":{"rendered":"https:\/\/croquetasparaayer.com.mx\/?post_type=product&#038;p=260"},"modified":"2023-05-25T18:05:54","modified_gmt":"2023-05-26T00:05:54","slug":"royal-canin-glycobalance","status":"publish","type":"product","link":"https:\/\/croquetasparaayer.com.mx\/index.php\/producto\/royal-canin-glycobalance\/","title":{"rendered":"Royal Canin Glycobalance"},"content":{"rendered":"<p>Royal Canin Prescripci\u00f3n Glycobalance es el alimento seco para gatos con diabetes mellitus y que logra la estabilizaci\u00f3n del peso despu\u00e9s de adelgazamiento. Formulado con un bajo nivel de carbohidratos digestibles y un alto nivel de prote\u00ednas, moderado contenido de grasas que ayudan a mantener un peso corporal saludable. Rico en antioxidantes para ayudar a mantener la salud y la vitalidad en los gatos. Esta dieta adem\u00e1s promueven un ambiente desfavorable para el desarrollo de cristales tanto de estruvita como de oxalato de calcio.<\/p>\n<h4>BENEFICIOS:<\/h4>\n<ul>\n<li>La mezcla de cereales con un reducido \u00edndice gluc\u00e9mico (cebada, ma\u00edz) junto con la acci\u00f3n gelificante de los muc\u00edlagos de psyllium reducen la hiperglucemia postpandrial.<\/li>\n<li>El contenido reducido en almid\u00f3n y en energ\u00eda, limita el aumento de peso, y por lo tanto la obesidad, adem\u00e1s de prevenir un estado pre diab\u00e9tico.<\/li>\n<li>Un nivel elevado en prote\u00ednas contribuye a reducir el aporte de energ\u00eda neta y adem\u00e1s garantiza una fuente continua y progresiva de glucosa (gluconeog\u00e9nesis).<\/li>\n<li>Un consumo moderado de energ\u00eda fomenta una condici\u00f3n corporal \u00f3ptima y disminuye la resistencia a la insulina asociada al sobrepeso.<\/li>\n<\/ul>\n","protected":false},"excerpt":{"rendered":"<p>Royal Canin Prescripci\u00f3n Glycobalance es el alimento seco para gatos con diabetes mellitus y que logra la estabilizaci\u00f3n del peso despu\u00e9s de adelgazamiento. Formulado con un bajo nivel de carbohidratos digestibles y un alto nivel de prote\u00ednas, moderado contenido de grasas que ayudan a mantener un peso corporal saludable. Rico en antioxidantes para ayudar a [&hellip;]<\/p>\n","protected":false},"featured_media":261,"comment_status":"open","ping_status":"closed","template":"","meta":{"site-sidebar-layout":"default","site-content-layout":"default","ast-site-content-layout":"","site-content-style":"default","site-sidebar-style":"default","ast-global-header-display":"","ast-banner-title-visibility":"","ast-main-header-display":"","ast-hfb-above-header-display":"","ast-hfb-below-header-display":"","ast-hfb-mobile-header-display":"","site-post-title":"","ast-breadcrumbs-content":"","ast-featured-img":"","footer-sml-layout":"","theme-transparent-header-meta":"default","adv-header-id-meta":"","stick-header-meta":"","header-above-stick-meta":"","header-main-stick-meta":"","header-below-stick-meta":"","astra-migrate-meta-layouts":"default","ast-page-background-enabled":"default","ast-page-background-meta":{"desktop":{"background-color":"var(--ast-global-color-4)","background-image":"","background-repeat":"repeat","background-position":"center center","background-size":"auto","background-attachment":"scroll","background-type":"","background-media":"","overlay-type":"","overlay-color":"","overlay-opacity":"","overlay-gradient":""},"tablet":{"background-color":"","background-image":"","background-repeat":"repeat","background-position":"center center","background-size":"auto","background-attachment":"scroll","background-type":"","background-media":"","overlay-type":"","overlay-color":"","overlay-opacity":"","overlay-gradient":""},"mobile":{"background-color":"","background-image":"","background-repeat":"repeat","background-position":"center center","background-size":"auto","background-attachment":"scroll","background-type":"","background-media":"","overlay-type":"","overlay-color":"","overlay-opacity":"","overlay-gradient":""}},"ast-content-background-meta":{"desktop":{"background-color":"var(--ast-global-color-5)","background-image":"","background-repeat":"repeat","background-position":"center center","background-size":"auto","background-attachment":"scroll","background-type":"","background-media":"","overlay-type":"","overlay-color":"","overlay-opacity":"","overlay-gradient":""},"tablet":{"background-color":"var(--ast-global-color-5)","background-image":"","background-repeat":"repeat","background-position":"center center","background-size":"auto","background-attachment":"scroll","background-type":"","background-media":"","overlay-type":"","overlay-color":"","overlay-opacity":"","overlay-gradient":""},"mobile":{"background-color":"var(--ast-global-color-5)","background-image":"","background-repeat":"repeat","background-position":"center center","background-size":"auto","background-attachment":"scroll","background-type":"","background-media":"","overlay-type":"","overlay-color":"","overlay-opacity":"","overlay-gradient":""}}},"product_cat":[19,18,23,27],"product_tag":[],"class_list":{"0":"post-260","1":"product","2":"type-product","3":"status-publish","4":"has-post-thumbnail","6":"product_cat-adulto","7":"product_cat-croqueta","8":"product_cat-gato","9":"product_cat-veterinary-diet","10":"desktop-align-left","11":"tablet-align-left","12":"mobile-align-left","14":"first","15":"instock","16":"shipping-taxable","17":"product-type-simple"},"_links":{"self":[{"href":"https:\/\/croquetasparaayer.com.mx\/index.php\/wp-json\/wp\/v2\/product\/260","targetHints":{"allow":["GET"]}}],"collection":[{"href":"https:\/\/croquetasparaayer.com.mx\/index.php\/wp-json\/wp\/v2\/product"}],"about":[{"href":"https:\/\/croquetasparaayer.com.mx\/index.php\/wp-json\/wp\/v2\/types\/product"}],"replies":[{"embeddable":true,"href":"https:\/\/croquetasparaayer.com.mx\/index.php\/wp-json\/wp\/v2\/comments?post=260"}],"wp:featuredmedia":[{"embeddable":true,"href":"https:\/\/croquetasparaayer.com.mx\/index.php\/wp-json\/wp\/v2\/media\/261"}],"wp:attachment":[{"href":"https:\/\/croquetasparaayer.com.mx\/index.php\/wp-json\/wp\/v2\/media?parent=260"}],"wp:term":[{"taxonomy":"product_cat","embeddable":true,"href":"https:\/\/croquetasparaayer.com.mx\/index.php\/wp-json\/wp\/v2\/product_cat?post=260"},{"taxonomy":"product_tag","embeddable":true,"href":"https:\/\/croquetasparaayer.com.mx\/index.php\/wp-json\/wp\/v2\/product_tag?post=260"}],"curies":[{"name":"wp","href":"https:\/\/api.w.org\/{rel}","templated":true}]}}