{"id":264,"date":"2023-05-25T18:12:17","date_gmt":"2023-05-26T00:12:17","guid":{"rendered":"https:\/\/croquetasparaayer.com.mx\/?post_type=product&#038;p=264"},"modified":"2023-05-25T18:13:59","modified_gmt":"2023-05-26T00:13:59","slug":"royal-canin-glycobalance-2","status":"publish","type":"product","link":"https:\/\/croquetasparaayer.com.mx\/index.php\/producto\/royal-canin-glycobalance-2\/","title":{"rendered":"Royal Canin Glycobalance"},"content":{"rendered":"<p>Alimento seco Royal Canin Glycobalance Feline para gatos con diabetes mellitus, estabilizaci\u00f3n del peso despu\u00e9s de adelgazamiento.<\/p>\n<h4>BENEFICIOS:<\/h4>\n<div class=\"rc-template__benefit-item rc-margin-x--none rc-padding-bottom--md--desktop rc-padding-bottom--md--mobile rc-padding-x--sm--desktop \">\n<div class=\"rc-padding-x--none--mobile \">\n<h6 class=\"rc-delta rc-margin-y--none rc-padding-bottom--sm--mobile rc-padding-bottom--xs--desktop\">Conteido reducido de almid\u00f3n<\/h6>\n<p class=\"rc-margin-y--none\">Formulado con un contenido reducido de almid\u00f3n, un 29% menos que Feline Health Nutrition Adult Fit and Active.<\/p>\n<\/div>\n<\/div>\n<div class=\"rc-template__benefit-item rc-margin-x--none rc-padding-bottom--md--desktop rc-padding-bottom--md--mobile rc-padding-x--sm--desktop \">\n<div class=\"rc-padding-x--none--mobile \">\n<h6 class=\"rc-delta rc-margin-y--none rc-padding-bottom--sm--mobile rc-padding-bottom--xs--desktop\">Glucomodulaci\u00f3n<\/h6>\n<p class=\"rc-margin-y--none\">Formulado para ayudar a controlar los niveles de glucosa postprandial.<\/p>\n<\/div>\n<\/div>\n<div class=\"rc-template__benefit-item rc-margin-x--none rc-padding-bottom--md--desktop rc-padding-bottom--md--mobile rc-padding-x--sm--desktop \">\n<div class=\"rc-padding-x--none--mobile \">\n<h6 class=\"rc-delta rc-margin-y--none rc-padding-bottom--sm--mobile rc-padding-bottom--xs--desktop\">Contenido elevado de prote\u00edna<\/h6>\n<p class=\"rc-margin-y--none\">Un elevado contenido de prote\u00ednas contribuye al mantenimiento de la masa muscular.<\/p>\n<\/div>\n<\/div>\n<p>&nbsp;<\/p>\n","protected":false},"excerpt":{"rendered":"<p>Alimento seco Royal Canin Glycobalance Feline para gatos con diabetes mellitus, estabilizaci\u00f3n del peso despu\u00e9s de adelgazamiento. BENEFICIOS: Conteido reducido de almid\u00f3n Formulado con un contenido reducido de almid\u00f3n, un 29% menos que Feline Health Nutrition Adult Fit and Active. Glucomodulaci\u00f3n Formulado para ayudar a controlar los niveles de glucosa postprandial. Contenido elevado de prote\u00edna [&hellip;]<\/p>\n","protected":false},"featured_media":265,"comment_status":"open","ping_status":"closed","template":"","meta":{"site-sidebar-layout":"default","site-content-layout":"default","ast-site-content-layout":"","site-content-style":"default","site-sidebar-style":"default","ast-global-header-display":"","ast-banner-title-visibility":"","ast-main-header-display":"","ast-hfb-above-header-display":"","ast-hfb-below-header-display":"","ast-hfb-mobile-header-display":"","site-post-title":"","ast-breadcrumbs-content":"","ast-featured-img":"","footer-sml-layout":"","theme-transparent-header-meta":"default","adv-header-id-meta":"","stick-header-meta":"","header-above-stick-meta":"","header-main-stick-meta":"","header-below-stick-meta":"","astra-migrate-meta-layouts":"default","ast-page-background-enabled":"default","ast-page-background-meta":{"desktop":{"background-color":"var(--ast-global-color-4)","background-image":"","background-repeat":"repeat","background-position":"center center","background-size":"auto","background-attachment":"scroll","background-type":"","background-media":"","overlay-type":"","overlay-color":"","overlay-opacity":"","overlay-gradient":""},"tablet":{"background-color":"","background-image":"","background-repeat":"repeat","background-position":"center center","background-size":"auto","background-attachment":"scroll","background-type":"","background-media":"","overlay-type":"","overlay-color":"","overlay-opacity":"","overlay-gradient":""},"mobile":{"background-color":"","background-image":"","background-repeat":"repeat","background-position":"center center","background-size":"auto","background-attachment":"scroll","background-type":"","background-media":"","overlay-type":"","overlay-color":"","overlay-opacity":"","overlay-gradient":""}},"ast-content-background-meta":{"desktop":{"background-color":"var(--ast-global-color-5)","background-image":"","background-repeat":"repeat","background-position":"center center","background-size":"auto","background-attachment":"scroll","background-type":"","background-media":"","overlay-type":"","overlay-color":"","overlay-opacity":"","overlay-gradient":""},"tablet":{"background-color":"var(--ast-global-color-5)","background-image":"","background-repeat":"repeat","background-position":"center center","background-size":"auto","background-attachment":"scroll","background-type":"","background-media":"","overlay-type":"","overlay-color":"","overlay-opacity":"","overlay-gradient":""},"mobile":{"background-color":"var(--ast-global-color-5)","background-image":"","background-repeat":"repeat","background-position":"center center","background-size":"auto","background-attachment":"scroll","background-type":"","background-media":"","overlay-type":"","overlay-color":"","overlay-opacity":"","overlay-gradient":""}}},"product_cat":[19,18,23,27],"product_tag":[],"class_list":{"0":"post-264","1":"product","2":"type-product","3":"status-publish","4":"has-post-thumbnail","6":"product_cat-adulto","7":"product_cat-croqueta","8":"product_cat-gato","9":"product_cat-veterinary-diet","10":"desktop-align-left","11":"tablet-align-left","12":"mobile-align-left","14":"first","15":"instock","16":"shipping-taxable","17":"product-type-simple"},"_links":{"self":[{"href":"https:\/\/croquetasparaayer.com.mx\/index.php\/wp-json\/wp\/v2\/product\/264","targetHints":{"allow":["GET"]}}],"collection":[{"href":"https:\/\/croquetasparaayer.com.mx\/index.php\/wp-json\/wp\/v2\/product"}],"about":[{"href":"https:\/\/croquetasparaayer.com.mx\/index.php\/wp-json\/wp\/v2\/types\/product"}],"replies":[{"embeddable":true,"href":"https:\/\/croquetasparaayer.com.mx\/index.php\/wp-json\/wp\/v2\/comments?post=264"}],"wp:featuredmedia":[{"embeddable":true,"href":"https:\/\/croquetasparaayer.com.mx\/index.php\/wp-json\/wp\/v2\/media\/265"}],"wp:attachment":[{"href":"https:\/\/croquetasparaayer.com.mx\/index.php\/wp-json\/wp\/v2\/media?parent=264"}],"wp:term":[{"taxonomy":"product_cat","embeddable":true,"href":"https:\/\/croquetasparaayer.com.mx\/index.php\/wp-json\/wp\/v2\/product_cat?post=264"},{"taxonomy":"product_tag","embeddable":true,"href":"https:\/\/croquetasparaayer.com.mx\/index.php\/wp-json\/wp\/v2\/product_tag?post=264"}],"curies":[{"name":"wp","href":"https:\/\/api.w.org\/{rel}","templated":true}]}}