{"id":267,"date":"2023-05-25T18:19:21","date_gmt":"2023-05-26T00:19:21","guid":{"rendered":"https:\/\/croquetasparaayer.com.mx\/?post_type=product&#038;p=267"},"modified":"2023-05-25T18:24:21","modified_gmt":"2023-05-26T00:24:21","slug":"267","status":"publish","type":"product","link":"https:\/\/croquetasparaayer.com.mx\/index.php\/producto\/267\/","title":{"rendered":"Royal Canin Urinary S\/O"},"content":{"rendered":"<p>Alimento Royal Canin Urinary SO Feline Moderate Calorie es un alimento completo y balanceado para gatos adultos con problemas en el tracto urinario y tendencia a subir de peso.<\/p>\n<h4>BENEFICIOS:<\/h4>\n<ul>\n<li>Proporciona una nutrici\u00f3n que ayuda en el manejo de los c\u00e1lculos de estruvita puros.<\/li>\n<li><span style=\"font-size: 16px;\">Contenido cal\u00f3rico moderado, un 9% menos en comparaci\u00f3n con Feline Urinary SO seco, para ayudar a mantener el peso ideal.<\/span><\/li>\n<li class=\"rc-template__benefit-item rc-margin-x--none rc-padding-bottom--md--desktop rc-padding-bottom--md--mobile rc-padding-x--sm--desktop \">\n<div class=\"rc-padding-x--none--mobile \">\n<p class=\"rc-margin-y--none\">La metolog\u00eda de siper saturaci\u00f3n relativa (RSS) predice el potenical de cristalizaci\u00f3n de la orina. Esta se utilizar para elaborar alimentos para gatos con tendencia a la formaci\u00f3n de cristales de estruvita y oxalato de calcio.<\/p>\n<\/div>\n<\/li>\n<\/ul>\n","protected":false},"excerpt":{"rendered":"<p>Alimento Royal Canin Urinary SO Feline Moderate Calorie es un alimento completo y balanceado para gatos adultos con problemas en el tracto urinario y tendencia a subir de peso. BENEFICIOS: Proporciona una nutrici\u00f3n que ayuda en el manejo de los c\u00e1lculos de estruvita puros. Contenido cal\u00f3rico moderado, un 9% menos en comparaci\u00f3n con Feline Urinary [&hellip;]<\/p>\n","protected":false},"featured_media":268,"comment_status":"open","ping_status":"closed","template":"","meta":{"site-sidebar-layout":"default","site-content-layout":"default","ast-site-content-layout":"","site-content-style":"default","site-sidebar-style":"default","ast-global-header-display":"","ast-banner-title-visibility":"","ast-main-header-display":"","ast-hfb-above-header-display":"","ast-hfb-below-header-display":"","ast-hfb-mobile-header-display":"","site-post-title":"","ast-breadcrumbs-content":"","ast-featured-img":"","footer-sml-layout":"","theme-transparent-header-meta":"default","adv-header-id-meta":"","stick-header-meta":"","header-above-stick-meta":"","header-main-stick-meta":"","header-below-stick-meta":"","astra-migrate-meta-layouts":"default","ast-page-background-enabled":"default","ast-page-background-meta":{"desktop":{"background-color":"var(--ast-global-color-4)","background-image":"","background-repeat":"repeat","background-position":"center center","background-size":"auto","background-attachment":"scroll","background-type":"","background-media":"","overlay-type":"","overlay-color":"","overlay-opacity":"","overlay-gradient":""},"tablet":{"background-color":"","background-image":"","background-repeat":"repeat","background-position":"center center","background-size":"auto","background-attachment":"scroll","background-type":"","background-media":"","overlay-type":"","overlay-color":"","overlay-opacity":"","overlay-gradient":""},"mobile":{"background-color":"","background-image":"","background-repeat":"repeat","background-position":"center center","background-size":"auto","background-attachment":"scroll","background-type":"","background-media":"","overlay-type":"","overlay-color":"","overlay-opacity":"","overlay-gradient":""}},"ast-content-background-meta":{"desktop":{"background-color":"var(--ast-global-color-5)","background-image":"","background-repeat":"repeat","background-position":"center center","background-size":"auto","background-attachment":"scroll","background-type":"","background-media":"","overlay-type":"","overlay-color":"","overlay-opacity":"","overlay-gradient":""},"tablet":{"background-color":"var(--ast-global-color-5)","background-image":"","background-repeat":"repeat","background-position":"center center","background-size":"auto","background-attachment":"scroll","background-type":"","background-media":"","overlay-type":"","overlay-color":"","overlay-opacity":"","overlay-gradient":""},"mobile":{"background-color":"var(--ast-global-color-5)","background-image":"","background-repeat":"repeat","background-position":"center center","background-size":"auto","background-attachment":"scroll","background-type":"","background-media":"","overlay-type":"","overlay-color":"","overlay-opacity":"","overlay-gradient":""}}},"product_cat":[19,18,23,27],"product_tag":[],"class_list":{"0":"post-267","1":"product","2":"type-product","3":"status-publish","4":"has-post-thumbnail","6":"product_cat-adulto","7":"product_cat-croqueta","8":"product_cat-gato","9":"product_cat-veterinary-diet","10":"desktop-align-left","11":"tablet-align-left","12":"mobile-align-left","14":"first","15":"instock","16":"shipping-taxable","17":"product-type-simple"},"_links":{"self":[{"href":"https:\/\/croquetasparaayer.com.mx\/index.php\/wp-json\/wp\/v2\/product\/267","targetHints":{"allow":["GET"]}}],"collection":[{"href":"https:\/\/croquetasparaayer.com.mx\/index.php\/wp-json\/wp\/v2\/product"}],"about":[{"href":"https:\/\/croquetasparaayer.com.mx\/index.php\/wp-json\/wp\/v2\/types\/product"}],"replies":[{"embeddable":true,"href":"https:\/\/croquetasparaayer.com.mx\/index.php\/wp-json\/wp\/v2\/comments?post=267"}],"wp:featuredmedia":[{"embeddable":true,"href":"https:\/\/croquetasparaayer.com.mx\/index.php\/wp-json\/wp\/v2\/media\/268"}],"wp:attachment":[{"href":"https:\/\/croquetasparaayer.com.mx\/index.php\/wp-json\/wp\/v2\/media?parent=267"}],"wp:term":[{"taxonomy":"product_cat","embeddable":true,"href":"https:\/\/croquetasparaayer.com.mx\/index.php\/wp-json\/wp\/v2\/product_cat?post=267"},{"taxonomy":"product_tag","embeddable":true,"href":"https:\/\/croquetasparaayer.com.mx\/index.php\/wp-json\/wp\/v2\/product_tag?post=267"}],"curies":[{"name":"wp","href":"https:\/\/api.w.org\/{rel}","templated":true}]}}