{"id":270,"date":"2023-05-25T18:32:00","date_gmt":"2023-05-26T00:32:00","guid":{"rendered":"https:\/\/croquetasparaayer.com.mx\/?post_type=product&#038;p=270"},"modified":"2023-05-25T18:32:00","modified_gmt":"2023-05-26T00:32:00","slug":"pro-plan-reduced-calorie-optifit","status":"publish","type":"product","link":"https:\/\/croquetasparaayer.com.mx\/index.php\/producto\/pro-plan-reduced-calorie-optifit\/","title":{"rendered":"Pro Plan Reduced calorie Optifit"},"content":{"rendered":"<p>Alimento completo y balanceado para gatos poco activos o con exceso de peso. Es una tecnolog\u00eda exclusiva, gracias a la reducci\u00f3n de un 35%* de las grasas, junto con unos niveles elevados de prote\u00ednas y fibras naturales, para reducir peso y mantener una condici\u00f3n corporal saludable.<\/p>\n<h6>BENEFICIOS:<\/h6>\n<ul>\n<li>Formulado con niveles bajos de grasas y calor\u00edas, junto con un nivel elevado de fibra natural para ayudar a reducir peso.<\/li>\n<li>La inclusi\u00f3n de minerales ayuda a asegurar una \u00f3ptima absorci\u00f3n y disponibilidad de nutrientes clave para la salud.<\/li>\n<li>Con fuentes de fibras naturales de la soya y de la celulosa que ayudan a controlar la formaci\u00f3n de bolas de pelo.<\/li>\n<li>La inclusi\u00f3n de minerales quelados ayuda a asegurar una \u00f3ptima absorci\u00f3n y disponibilidad de nutrientes clave para la salud.<\/li>\n<\/ul>\n","protected":false},"excerpt":{"rendered":"<p>Alimento completo y balanceado para gatos poco activos o con exceso de peso. Es una tecnolog\u00eda exclusiva, gracias a la reducci\u00f3n de un 35%* de las grasas, junto con unos niveles elevados de prote\u00ednas y fibras naturales, para reducir peso y mantener una condici\u00f3n corporal saludable. BENEFICIOS: Formulado con niveles bajos de grasas y calor\u00edas, [&hellip;]<\/p>\n","protected":false},"featured_media":271,"comment_status":"open","ping_status":"closed","template":"","meta":{"site-sidebar-layout":"default","site-content-layout":"default","ast-site-content-layout":"","site-content-style":"default","site-sidebar-style":"default","ast-global-header-display":"","ast-banner-title-visibility":"","ast-main-header-display":"","ast-hfb-above-header-display":"","ast-hfb-below-header-display":"","ast-hfb-mobile-header-display":"","site-post-title":"","ast-breadcrumbs-content":"","ast-featured-img":"","footer-sml-layout":"","theme-transparent-header-meta":"default","adv-header-id-meta":"","stick-header-meta":"","header-above-stick-meta":"","header-main-stick-meta":"","header-below-stick-meta":"","astra-migrate-meta-layouts":"default","ast-page-background-enabled":"default","ast-page-background-meta":{"desktop":{"background-color":"var(--ast-global-color-4)","background-image":"","background-repeat":"repeat","background-position":"center center","background-size":"auto","background-attachment":"scroll","background-type":"","background-media":"","overlay-type":"","overlay-color":"","overlay-opacity":"","overlay-gradient":""},"tablet":{"background-color":"","background-image":"","background-repeat":"repeat","background-position":"center center","background-size":"auto","background-attachment":"scroll","background-type":"","background-media":"","overlay-type":"","overlay-color":"","overlay-opacity":"","overlay-gradient":""},"mobile":{"background-color":"","background-image":"","background-repeat":"repeat","background-position":"center center","background-size":"auto","background-attachment":"scroll","background-type":"","background-media":"","overlay-type":"","overlay-color":"","overlay-opacity":"","overlay-gradient":""}},"ast-content-background-meta":{"desktop":{"background-color":"var(--ast-global-color-5)","background-image":"","background-repeat":"repeat","background-position":"center center","background-size":"auto","background-attachment":"scroll","background-type":"","background-media":"","overlay-type":"","overlay-color":"","overlay-opacity":"","overlay-gradient":""},"tablet":{"background-color":"var(--ast-global-color-5)","background-image":"","background-repeat":"repeat","background-position":"center center","background-size":"auto","background-attachment":"scroll","background-type":"","background-media":"","overlay-type":"","overlay-color":"","overlay-opacity":"","overlay-gradient":""},"mobile":{"background-color":"var(--ast-global-color-5)","background-image":"","background-repeat":"repeat","background-position":"center center","background-size":"auto","background-attachment":"scroll","background-type":"","background-media":"","overlay-type":"","overlay-color":"","overlay-opacity":"","overlay-gradient":""}}},"product_cat":[19,18,23],"product_tag":[],"class_list":{"0":"post-270","1":"product","2":"type-product","3":"status-publish","4":"has-post-thumbnail","6":"product_cat-adulto","7":"product_cat-croqueta","8":"product_cat-gato","9":"desktop-align-left","10":"tablet-align-left","11":"mobile-align-left","13":"first","14":"instock","15":"shipping-taxable","16":"product-type-simple"},"_links":{"self":[{"href":"https:\/\/croquetasparaayer.com.mx\/index.php\/wp-json\/wp\/v2\/product\/270","targetHints":{"allow":["GET"]}}],"collection":[{"href":"https:\/\/croquetasparaayer.com.mx\/index.php\/wp-json\/wp\/v2\/product"}],"about":[{"href":"https:\/\/croquetasparaayer.com.mx\/index.php\/wp-json\/wp\/v2\/types\/product"}],"replies":[{"embeddable":true,"href":"https:\/\/croquetasparaayer.com.mx\/index.php\/wp-json\/wp\/v2\/comments?post=270"}],"wp:featuredmedia":[{"embeddable":true,"href":"https:\/\/croquetasparaayer.com.mx\/index.php\/wp-json\/wp\/v2\/media\/271"}],"wp:attachment":[{"href":"https:\/\/croquetasparaayer.com.mx\/index.php\/wp-json\/wp\/v2\/media?parent=270"}],"wp:term":[{"taxonomy":"product_cat","embeddable":true,"href":"https:\/\/croquetasparaayer.com.mx\/index.php\/wp-json\/wp\/v2\/product_cat?post=270"},{"taxonomy":"product_tag","embeddable":true,"href":"https:\/\/croquetasparaayer.com.mx\/index.php\/wp-json\/wp\/v2\/product_tag?post=270"}],"curies":[{"name":"wp","href":"https:\/\/api.w.org\/{rel}","templated":true}]}}