{"id":280,"date":"2023-05-25T18:56:25","date_gmt":"2023-05-26T00:56:25","guid":{"rendered":"https:\/\/croquetasparaayer.com.mx\/?post_type=product&#038;p=280"},"modified":"2023-05-25T18:56:25","modified_gmt":"2023-05-26T00:56:25","slug":"pro-plan-adult-7-optiage","status":"publish","type":"product","link":"https:\/\/croquetasparaayer.com.mx\/index.php\/producto\/pro-plan-adult-7-optiage\/","title":{"rendered":"Pro Plan Adult +7 Optiage"},"content":{"rendered":"<p>Alimento completo y balanceado para gatos de 7 o m\u00e1s a\u00f1os. Es una tecnolog\u00eda exclusiva, formulada con una novedosa mezcla de amino\u00e1cidos, antioxidantes naturales, vitaminas del complejo B y omega 3 y 6, para ayudar a proteger y mantener la actividad cerebral y retrasar los signos del envejecimiento de tu gato.<\/p>\n<h2>Beneficios<\/h2>\n<ul>\n<li>Tecnolog\u00eda Optiage with Brain Protection Blend, exclusiva combinaci\u00f3n de amino\u00e1cidos, antioxidantes naturales, vitaminas del complejo B y omega 3 y 6, que ayudan a proteger y mantener la actividad cerebral de los gatos mayores de 7 a\u00f1os.<\/li>\n<li>Con antioxidantes naturales que ayudan a reforzar el sistema inmunol\u00f3gico.<\/li>\n<li>Tecnolog\u00eda Longevis, una combinaci\u00f3n exclusiva de antioxidantes, prebi\u00f3tico natural y \u00e1cidos grasos omega 3 y 6 cuyo efecto est\u00e1 comprobado que prolonga la expectativa y calidad de vida de gatos de 7 o m\u00e1s a\u00f1os.<\/li>\n<li>La inclusi\u00f3n de minerales que los ayuda a asegurar una \u00f3ptima absorci\u00f3n y disponibilidad de nutrientes clave para la salud.<\/li>\n<\/ul>\n","protected":false},"excerpt":{"rendered":"<p>Alimento completo y balanceado para gatos de 7 o m\u00e1s a\u00f1os. Es una tecnolog\u00eda exclusiva, formulada con una novedosa mezcla de amino\u00e1cidos, antioxidantes naturales, vitaminas del complejo B y omega 3 y 6, para ayudar a proteger y mantener la actividad cerebral y retrasar los signos del envejecimiento de tu gato. Beneficios Tecnolog\u00eda Optiage with [&hellip;]<\/p>\n","protected":false},"featured_media":281,"comment_status":"open","ping_status":"closed","template":"","meta":{"site-sidebar-layout":"default","site-content-layout":"default","ast-site-content-layout":"","site-content-style":"default","site-sidebar-style":"default","ast-global-header-display":"","ast-banner-title-visibility":"","ast-main-header-display":"","ast-hfb-above-header-display":"","ast-hfb-below-header-display":"","ast-hfb-mobile-header-display":"","site-post-title":"","ast-breadcrumbs-content":"","ast-featured-img":"","footer-sml-layout":"","theme-transparent-header-meta":"default","adv-header-id-meta":"","stick-header-meta":"","header-above-stick-meta":"","header-main-stick-meta":"","header-below-stick-meta":"","astra-migrate-meta-layouts":"default","ast-page-background-enabled":"default","ast-page-background-meta":{"desktop":{"background-color":"var(--ast-global-color-4)","background-image":"","background-repeat":"repeat","background-position":"center center","background-size":"auto","background-attachment":"scroll","background-type":"","background-media":"","overlay-type":"","overlay-color":"","overlay-opacity":"","overlay-gradient":""},"tablet":{"background-color":"","background-image":"","background-repeat":"repeat","background-position":"center center","background-size":"auto","background-attachment":"scroll","background-type":"","background-media":"","overlay-type":"","overlay-color":"","overlay-opacity":"","overlay-gradient":""},"mobile":{"background-color":"","background-image":"","background-repeat":"repeat","background-position":"center center","background-size":"auto","background-attachment":"scroll","background-type":"","background-media":"","overlay-type":"","overlay-color":"","overlay-opacity":"","overlay-gradient":""}},"ast-content-background-meta":{"desktop":{"background-color":"var(--ast-global-color-5)","background-image":"","background-repeat":"repeat","background-position":"center center","background-size":"auto","background-attachment":"scroll","background-type":"","background-media":"","overlay-type":"","overlay-color":"","overlay-opacity":"","overlay-gradient":""},"tablet":{"background-color":"var(--ast-global-color-5)","background-image":"","background-repeat":"repeat","background-position":"center center","background-size":"auto","background-attachment":"scroll","background-type":"","background-media":"","overlay-type":"","overlay-color":"","overlay-opacity":"","overlay-gradient":""},"mobile":{"background-color":"var(--ast-global-color-5)","background-image":"","background-repeat":"repeat","background-position":"center center","background-size":"auto","background-attachment":"scroll","background-type":"","background-media":"","overlay-type":"","overlay-color":"","overlay-opacity":"","overlay-gradient":""}}},"product_cat":[19,18,23,28],"product_tag":[],"class_list":{"0":"post-280","1":"product","2":"type-product","3":"status-publish","4":"has-post-thumbnail","6":"product_cat-adulto","7":"product_cat-croqueta","8":"product_cat-gato","9":"product_cat-senior","10":"desktop-align-left","11":"tablet-align-left","12":"mobile-align-left","14":"first","15":"instock","16":"shipping-taxable","17":"product-type-simple"},"_links":{"self":[{"href":"https:\/\/croquetasparaayer.com.mx\/index.php\/wp-json\/wp\/v2\/product\/280","targetHints":{"allow":["GET"]}}],"collection":[{"href":"https:\/\/croquetasparaayer.com.mx\/index.php\/wp-json\/wp\/v2\/product"}],"about":[{"href":"https:\/\/croquetasparaayer.com.mx\/index.php\/wp-json\/wp\/v2\/types\/product"}],"replies":[{"embeddable":true,"href":"https:\/\/croquetasparaayer.com.mx\/index.php\/wp-json\/wp\/v2\/comments?post=280"}],"wp:featuredmedia":[{"embeddable":true,"href":"https:\/\/croquetasparaayer.com.mx\/index.php\/wp-json\/wp\/v2\/media\/281"}],"wp:attachment":[{"href":"https:\/\/croquetasparaayer.com.mx\/index.php\/wp-json\/wp\/v2\/media?parent=280"}],"wp:term":[{"taxonomy":"product_cat","embeddable":true,"href":"https:\/\/croquetasparaayer.com.mx\/index.php\/wp-json\/wp\/v2\/product_cat?post=280"},{"taxonomy":"product_tag","embeddable":true,"href":"https:\/\/croquetasparaayer.com.mx\/index.php\/wp-json\/wp\/v2\/product_tag?post=280"}],"curies":[{"name":"wp","href":"https:\/\/api.w.org\/{rel}","templated":true}]}}