{"id":282,"date":"2023-05-25T19:04:54","date_gmt":"2023-05-26T01:04:54","guid":{"rendered":"https:\/\/croquetasparaayer.com.mx\/?post_type=product&#038;p=282"},"modified":"2023-05-25T19:04:54","modified_gmt":"2023-05-26T01:04:54","slug":"felix-sabor-filetes-de-pescado-y-atun-en-salsa","status":"publish","type":"product","link":"https:\/\/croquetasparaayer.com.mx\/index.php\/producto\/felix-sabor-filetes-de-pescado-y-atun-en-salsa\/","title":{"rendered":"Felix sabor Filetes de pescado y atun en salsa"},"content":{"rendered":"<p>Purina Felix Filetes de Pescado y At\u00fan es una deliciosa combinaci\u00f3n de mar en unos jugositos filetes que har\u00e1n que tu gatito haga las cosas m\u00e1s astutas para que se lo des todos los d\u00edas. Todas las recetas de Purina Felix est\u00e1n preparadas con los mejores ingredientes y adicionados con nutrientes balanceados para satisfacer la dieta de tu astuto amigo con sabores que le encantar\u00e1n. Adem\u00e1s son fuente de \u00e1cidos grasos esenciales Omega 6, con la perfecta combinaci\u00f3n de vitaminas y minerales para mantener su vitalidad. Con un 80% de humedad, Felix es Para ayudar a mantener la correcta hidrataci\u00f3n de tu gato. Purina Felix es tan bueno como se ve, tu gato disfrutar\u00e1 de una irresistible comida cada d\u00eda, har\u00e1 lo que sea para conseguirlo.<\/p>\n","protected":false},"excerpt":{"rendered":"<p>Purina Felix Filetes de Pescado y At\u00fan es una deliciosa combinaci\u00f3n de mar en unos jugositos filetes que har\u00e1n que tu gatito haga las cosas m\u00e1s astutas para que se lo des todos los d\u00edas. Todas las recetas de Purina Felix est\u00e1n preparadas con los mejores ingredientes y adicionados con nutrientes balanceados para satisfacer la [&hellip;]<\/p>\n","protected":false},"featured_media":283,"comment_status":"open","ping_status":"closed","template":"","meta":{"site-sidebar-layout":"default","site-content-layout":"default","ast-site-content-layout":"","site-content-style":"default","site-sidebar-style":"default","ast-global-header-display":"","ast-banner-title-visibility":"","ast-main-header-display":"","ast-hfb-above-header-display":"","ast-hfb-below-header-display":"","ast-hfb-mobile-header-display":"","site-post-title":"","ast-breadcrumbs-content":"","ast-featured-img":"","footer-sml-layout":"","theme-transparent-header-meta":"default","adv-header-id-meta":"","stick-header-meta":"","header-above-stick-meta":"","header-main-stick-meta":"","header-below-stick-meta":"","astra-migrate-meta-layouts":"default","ast-page-background-enabled":"default","ast-page-background-meta":{"desktop":{"background-color":"var(--ast-global-color-4)","background-image":"","background-repeat":"repeat","background-position":"center center","background-size":"auto","background-attachment":"scroll","background-type":"","background-media":"","overlay-type":"","overlay-color":"","overlay-opacity":"","overlay-gradient":""},"tablet":{"background-color":"","background-image":"","background-repeat":"repeat","background-position":"center center","background-size":"auto","background-attachment":"scroll","background-type":"","background-media":"","overlay-type":"","overlay-color":"","overlay-opacity":"","overlay-gradient":""},"mobile":{"background-color":"","background-image":"","background-repeat":"repeat","background-position":"center center","background-size":"auto","background-attachment":"scroll","background-type":"","background-media":"","overlay-type":"","overlay-color":"","overlay-opacity":"","overlay-gradient":""}},"ast-content-background-meta":{"desktop":{"background-color":"var(--ast-global-color-5)","background-image":"","background-repeat":"repeat","background-position":"center center","background-size":"auto","background-attachment":"scroll","background-type":"","background-media":"","overlay-type":"","overlay-color":"","overlay-opacity":"","overlay-gradient":""},"tablet":{"background-color":"var(--ast-global-color-5)","background-image":"","background-repeat":"repeat","background-position":"center center","background-size":"auto","background-attachment":"scroll","background-type":"","background-media":"","overlay-type":"","overlay-color":"","overlay-opacity":"","overlay-gradient":""},"mobile":{"background-color":"var(--ast-global-color-5)","background-image":"","background-repeat":"repeat","background-position":"center center","background-size":"auto","background-attachment":"scroll","background-type":"","background-media":"","overlay-type":"","overlay-color":"","overlay-opacity":"","overlay-gradient":""}}},"product_cat":[19,23,29],"product_tag":[],"class_list":{"0":"post-282","1":"product","2":"type-product","3":"status-publish","4":"has-post-thumbnail","6":"product_cat-adulto","7":"product_cat-gato","8":"product_cat-lata","9":"desktop-align-left","10":"tablet-align-left","11":"mobile-align-left","13":"first","14":"instock","15":"shipping-taxable","16":"product-type-simple"},"_links":{"self":[{"href":"https:\/\/croquetasparaayer.com.mx\/index.php\/wp-json\/wp\/v2\/product\/282","targetHints":{"allow":["GET"]}}],"collection":[{"href":"https:\/\/croquetasparaayer.com.mx\/index.php\/wp-json\/wp\/v2\/product"}],"about":[{"href":"https:\/\/croquetasparaayer.com.mx\/index.php\/wp-json\/wp\/v2\/types\/product"}],"replies":[{"embeddable":true,"href":"https:\/\/croquetasparaayer.com.mx\/index.php\/wp-json\/wp\/v2\/comments?post=282"}],"wp:featuredmedia":[{"embeddable":true,"href":"https:\/\/croquetasparaayer.com.mx\/index.php\/wp-json\/wp\/v2\/media\/283"}],"wp:attachment":[{"href":"https:\/\/croquetasparaayer.com.mx\/index.php\/wp-json\/wp\/v2\/media?parent=282"}],"wp:term":[{"taxonomy":"product_cat","embeddable":true,"href":"https:\/\/croquetasparaayer.com.mx\/index.php\/wp-json\/wp\/v2\/product_cat?post=282"},{"taxonomy":"product_tag","embeddable":true,"href":"https:\/\/croquetasparaayer.com.mx\/index.php\/wp-json\/wp\/v2\/product_tag?post=282"}],"curies":[{"name":"wp","href":"https:\/\/api.w.org\/{rel}","templated":true}]}}