{"id":284,"date":"2023-05-25T19:06:50","date_gmt":"2023-05-26T01:06:50","guid":{"rendered":"https:\/\/croquetasparaayer.com.mx\/?post_type=product&#038;p=284"},"modified":"2023-05-25T19:06:50","modified_gmt":"2023-05-26T01:06:50","slug":"felix-sabor-filete-de-pavo-con-trocitos-de-queso-en-salsa","status":"publish","type":"product","link":"https:\/\/croquetasparaayer.com.mx\/index.php\/producto\/felix-sabor-filete-de-pavo-con-trocitos-de-queso-en-salsa\/","title":{"rendered":"Felix sabor Filete de pavo con trocitos de queso en salsa"},"content":{"rendered":"<p>Purina Felix Filetes de Pavo con Trocitos de Queso en Salsa es un delicioso alimento hecho con tiritas de filete de pavo, acompa\u00f1adas de trocitos de queso, servidos en una jugosa salsa, d\u00e1ndole a tu gato sabores, texturas y aromas que querr\u00e1 comer todos los d\u00edas. Tu amigo disfrutar\u00e1 de la irresistible variedad de comida cada d\u00eda, y eso no es todo, cada porci\u00f3n est\u00e1 complementada con \u00e1cidos grasos esenciales Omega 6, con una combinaci\u00f3n balanceada de nutrientes para satisfacer al 100% las necesidades diarias de tu gato. Este delicioso alimento provee a tu gato con todos los minerales, prote\u00ednas y vitaminas que \u00e9l necesita con los sabores que a \u00e9l le encantan. Con Purina Felix ahora es m\u00e1s f\u00e1cil dar a tu astuto gato un irresistible y saludable alimento cada d\u00eda, sin colorantes, saborizantes ni conservadores artificiales.<\/p>\n","protected":false},"excerpt":{"rendered":"<p>Purina Felix Filetes de Pavo con Trocitos de Queso en Salsa es un delicioso alimento hecho con tiritas de filete de pavo, acompa\u00f1adas de trocitos de queso, servidos en una jugosa salsa, d\u00e1ndole a tu gato sabores, texturas y aromas que querr\u00e1 comer todos los d\u00edas. Tu amigo disfrutar\u00e1 de la irresistible variedad de comida [&hellip;]<\/p>\n","protected":false},"featured_media":285,"comment_status":"open","ping_status":"closed","template":"","meta":{"site-sidebar-layout":"default","site-content-layout":"default","ast-site-content-layout":"","site-content-style":"default","site-sidebar-style":"default","ast-global-header-display":"","ast-banner-title-visibility":"","ast-main-header-display":"","ast-hfb-above-header-display":"","ast-hfb-below-header-display":"","ast-hfb-mobile-header-display":"","site-post-title":"","ast-breadcrumbs-content":"","ast-featured-img":"","footer-sml-layout":"","theme-transparent-header-meta":"default","adv-header-id-meta":"","stick-header-meta":"","header-above-stick-meta":"","header-main-stick-meta":"","header-below-stick-meta":"","astra-migrate-meta-layouts":"default","ast-page-background-enabled":"default","ast-page-background-meta":{"desktop":{"background-color":"var(--ast-global-color-4)","background-image":"","background-repeat":"repeat","background-position":"center center","background-size":"auto","background-attachment":"scroll","background-type":"","background-media":"","overlay-type":"","overlay-color":"","overlay-opacity":"","overlay-gradient":""},"tablet":{"background-color":"","background-image":"","background-repeat":"repeat","background-position":"center center","background-size":"auto","background-attachment":"scroll","background-type":"","background-media":"","overlay-type":"","overlay-color":"","overlay-opacity":"","overlay-gradient":""},"mobile":{"background-color":"","background-image":"","background-repeat":"repeat","background-position":"center center","background-size":"auto","background-attachment":"scroll","background-type":"","background-media":"","overlay-type":"","overlay-color":"","overlay-opacity":"","overlay-gradient":""}},"ast-content-background-meta":{"desktop":{"background-color":"var(--ast-global-color-5)","background-image":"","background-repeat":"repeat","background-position":"center center","background-size":"auto","background-attachment":"scroll","background-type":"","background-media":"","overlay-type":"","overlay-color":"","overlay-opacity":"","overlay-gradient":""},"tablet":{"background-color":"var(--ast-global-color-5)","background-image":"","background-repeat":"repeat","background-position":"center center","background-size":"auto","background-attachment":"scroll","background-type":"","background-media":"","overlay-type":"","overlay-color":"","overlay-opacity":"","overlay-gradient":""},"mobile":{"background-color":"var(--ast-global-color-5)","background-image":"","background-repeat":"repeat","background-position":"center center","background-size":"auto","background-attachment":"scroll","background-type":"","background-media":"","overlay-type":"","overlay-color":"","overlay-opacity":"","overlay-gradient":""}}},"product_cat":[19,23,29],"product_tag":[],"class_list":{"0":"post-284","1":"product","2":"type-product","3":"status-publish","4":"has-post-thumbnail","6":"product_cat-adulto","7":"product_cat-gato","8":"product_cat-lata","9":"desktop-align-left","10":"tablet-align-left","11":"mobile-align-left","13":"first","14":"instock","15":"shipping-taxable","16":"product-type-simple"},"_links":{"self":[{"href":"https:\/\/croquetasparaayer.com.mx\/index.php\/wp-json\/wp\/v2\/product\/284","targetHints":{"allow":["GET"]}}],"collection":[{"href":"https:\/\/croquetasparaayer.com.mx\/index.php\/wp-json\/wp\/v2\/product"}],"about":[{"href":"https:\/\/croquetasparaayer.com.mx\/index.php\/wp-json\/wp\/v2\/types\/product"}],"replies":[{"embeddable":true,"href":"https:\/\/croquetasparaayer.com.mx\/index.php\/wp-json\/wp\/v2\/comments?post=284"}],"wp:featuredmedia":[{"embeddable":true,"href":"https:\/\/croquetasparaayer.com.mx\/index.php\/wp-json\/wp\/v2\/media\/285"}],"wp:attachment":[{"href":"https:\/\/croquetasparaayer.com.mx\/index.php\/wp-json\/wp\/v2\/media?parent=284"}],"wp:term":[{"taxonomy":"product_cat","embeddable":true,"href":"https:\/\/croquetasparaayer.com.mx\/index.php\/wp-json\/wp\/v2\/product_cat?post=284"},{"taxonomy":"product_tag","embeddable":true,"href":"https:\/\/croquetasparaayer.com.mx\/index.php\/wp-json\/wp\/v2\/product_tag?post=284"}],"curies":[{"name":"wp","href":"https:\/\/api.w.org\/{rel}","templated":true}]}}