{"id":290,"date":"2023-05-25T19:20:25","date_gmt":"2023-05-26T01:20:25","guid":{"rendered":"https:\/\/croquetasparaayer.com.mx\/?post_type=product&#038;p=290"},"modified":"2023-05-25T19:20:25","modified_gmt":"2023-05-26T01:20:25","slug":"felix-sabor-trocitos-de-pollo-en-salsa","status":"publish","type":"product","link":"https:\/\/croquetasparaayer.com.mx\/index.php\/producto\/felix-sabor-trocitos-de-pollo-en-salsa\/","title":{"rendered":"Felix sabor Trocitos de pollo en salsa"},"content":{"rendered":"<p>Con Purina Felix ahora es m\u00e1s f\u00e1cil dar a tu astuto gato un irresistible y saludable alimento cada d\u00eda. Deleita a tu amigo con Purina Felix Trocitos de Pollo, que contiene peque\u00f1os y h\u00famedos trocitos elaborados con pollo y servidos en una deliciosa salsa. Su olor, sabor y apariencia ser\u00e1n irresistibles. Tu gato har\u00e1 cualquier travesura para conseguirlo. Todas las recetas de Felix est\u00e1n hechas con ingredientes deliciosos, que satisface las necesidades nutricionales de tu amigo. Con \u00e1cidos grasos esenciales Omega 6, todos los minerales, prote\u00ednas y vitaminas que \u00e9l necesita con los sabores que a \u00e9l le encantan en una combinaci\u00f3n balanceada de nutrientes. Si tienes la suerte de tener un gato astuto como Felix, sorpr\u00e9ndelo con las diferentes combinaciones todos los d\u00edas.<\/p>\n","protected":false},"excerpt":{"rendered":"<p>Con Purina Felix ahora es m\u00e1s f\u00e1cil dar a tu astuto gato un irresistible y saludable alimento cada d\u00eda. Deleita a tu amigo con Purina Felix Trocitos de Pollo, que contiene peque\u00f1os y h\u00famedos trocitos elaborados con pollo y servidos en una deliciosa salsa. Su olor, sabor y apariencia ser\u00e1n irresistibles. Tu gato har\u00e1 cualquier [&hellip;]<\/p>\n","protected":false},"featured_media":291,"comment_status":"open","ping_status":"closed","template":"","meta":{"site-sidebar-layout":"default","site-content-layout":"default","ast-site-content-layout":"","site-content-style":"default","site-sidebar-style":"default","ast-global-header-display":"","ast-banner-title-visibility":"","ast-main-header-display":"","ast-hfb-above-header-display":"","ast-hfb-below-header-display":"","ast-hfb-mobile-header-display":"","site-post-title":"","ast-breadcrumbs-content":"","ast-featured-img":"","footer-sml-layout":"","theme-transparent-header-meta":"default","adv-header-id-meta":"","stick-header-meta":"","header-above-stick-meta":"","header-main-stick-meta":"","header-below-stick-meta":"","astra-migrate-meta-layouts":"default","ast-page-background-enabled":"default","ast-page-background-meta":{"desktop":{"background-color":"var(--ast-global-color-4)","background-image":"","background-repeat":"repeat","background-position":"center center","background-size":"auto","background-attachment":"scroll","background-type":"","background-media":"","overlay-type":"","overlay-color":"","overlay-opacity":"","overlay-gradient":""},"tablet":{"background-color":"","background-image":"","background-repeat":"repeat","background-position":"center center","background-size":"auto","background-attachment":"scroll","background-type":"","background-media":"","overlay-type":"","overlay-color":"","overlay-opacity":"","overlay-gradient":""},"mobile":{"background-color":"","background-image":"","background-repeat":"repeat","background-position":"center center","background-size":"auto","background-attachment":"scroll","background-type":"","background-media":"","overlay-type":"","overlay-color":"","overlay-opacity":"","overlay-gradient":""}},"ast-content-background-meta":{"desktop":{"background-color":"var(--ast-global-color-5)","background-image":"","background-repeat":"repeat","background-position":"center center","background-size":"auto","background-attachment":"scroll","background-type":"","background-media":"","overlay-type":"","overlay-color":"","overlay-opacity":"","overlay-gradient":""},"tablet":{"background-color":"var(--ast-global-color-5)","background-image":"","background-repeat":"repeat","background-position":"center center","background-size":"auto","background-attachment":"scroll","background-type":"","background-media":"","overlay-type":"","overlay-color":"","overlay-opacity":"","overlay-gradient":""},"mobile":{"background-color":"var(--ast-global-color-5)","background-image":"","background-repeat":"repeat","background-position":"center center","background-size":"auto","background-attachment":"scroll","background-type":"","background-media":"","overlay-type":"","overlay-color":"","overlay-opacity":"","overlay-gradient":""}}},"product_cat":[19,23,29],"product_tag":[],"class_list":{"0":"post-290","1":"product","2":"type-product","3":"status-publish","4":"has-post-thumbnail","6":"product_cat-adulto","7":"product_cat-gato","8":"product_cat-lata","9":"desktop-align-left","10":"tablet-align-left","11":"mobile-align-left","13":"first","14":"instock","15":"shipping-taxable","16":"product-type-simple"},"_links":{"self":[{"href":"https:\/\/croquetasparaayer.com.mx\/index.php\/wp-json\/wp\/v2\/product\/290","targetHints":{"allow":["GET"]}}],"collection":[{"href":"https:\/\/croquetasparaayer.com.mx\/index.php\/wp-json\/wp\/v2\/product"}],"about":[{"href":"https:\/\/croquetasparaayer.com.mx\/index.php\/wp-json\/wp\/v2\/types\/product"}],"replies":[{"embeddable":true,"href":"https:\/\/croquetasparaayer.com.mx\/index.php\/wp-json\/wp\/v2\/comments?post=290"}],"wp:featuredmedia":[{"embeddable":true,"href":"https:\/\/croquetasparaayer.com.mx\/index.php\/wp-json\/wp\/v2\/media\/291"}],"wp:attachment":[{"href":"https:\/\/croquetasparaayer.com.mx\/index.php\/wp-json\/wp\/v2\/media?parent=290"}],"wp:term":[{"taxonomy":"product_cat","embeddable":true,"href":"https:\/\/croquetasparaayer.com.mx\/index.php\/wp-json\/wp\/v2\/product_cat?post=290"},{"taxonomy":"product_tag","embeddable":true,"href":"https:\/\/croquetasparaayer.com.mx\/index.php\/wp-json\/wp\/v2\/product_tag?post=290"}],"curies":[{"name":"wp","href":"https:\/\/api.w.org\/{rel}","templated":true}]}}