{"id":292,"date":"2023-05-25T19:30:37","date_gmt":"2023-05-26T01:30:37","guid":{"rendered":"https:\/\/croquetasparaayer.com.mx\/?post_type=product&#038;p=292"},"modified":"2023-05-25T19:30:37","modified_gmt":"2023-05-26T01:30:37","slug":"hills-urinary-care-c-d-multicare-with-chicken","status":"publish","type":"product","link":"https:\/\/croquetasparaayer.com.mx\/index.php\/producto\/hills-urinary-care-c-d-multicare-with-chicken\/","title":{"rendered":"Hill&#8217;s Urinary Care c\/d Multicare with Chicken"},"content":{"rendered":"<p>Hill\u2019s\u00ae\u00a0<span class=\"nowrap\">Prescription Diet\u00ae<\/span>\u00a0c\/d\u00ae Multicare Feline es un alimento completo y balanceado que proporciona toda la nutrici\u00f3n que su gato necesita. Por favor consulte a su veterinario para mayor informaci\u00f3n sobre c\u00f3mo pueden los alimentos\u00a0<span class=\"nowrap\">Prescription Diet\u00ae<\/span>\u00a0ayudar a su gato para disfrutar una vida feliz y activa.<\/p>\n<h6>BENEFICIOS:<\/h6>\n<ul>\n<li>Promueve los niveles deseables de pH urinario<\/li>\n<li>Enriquecido con antioxidantes, citrato de potasio y \u00e1cidos grasos omega-3<\/li>\n<li>Niveles controlados de magnesio, calcio y f\u00f3sforo<\/li>\n<li data-mce-fragment=\"1\">Disuelve las piedras de estruvita en tan s\u00f3lo 7 d\u00edas (promedio 27 d\u00edas)<\/li>\n<li data-mce-fragment=\"1\">Reduce el riesgo de piedras de estruvita y oxalato de calcio<\/li>\n<li data-mce-fragment=\"1\">Recomendado para alimentaci\u00f3n de por vida de gatos adultos<\/li>\n<\/ul>\n","protected":false},"excerpt":{"rendered":"<p>Hill\u2019s\u00ae\u00a0Prescription Diet\u00ae\u00a0c\/d\u00ae Multicare Feline es un alimento completo y balanceado que proporciona toda la nutrici\u00f3n que su gato necesita. Por favor consulte a su veterinario para mayor informaci\u00f3n sobre c\u00f3mo pueden los alimentos\u00a0Prescription Diet\u00ae\u00a0ayudar a su gato para disfrutar una vida feliz y activa. BENEFICIOS: Promueve los niveles deseables de pH urinario Enriquecido con antioxidantes, [&hellip;]<\/p>\n","protected":false},"featured_media":293,"comment_status":"open","ping_status":"closed","template":"","meta":{"site-sidebar-layout":"default","site-content-layout":"default","ast-site-content-layout":"","site-content-style":"default","site-sidebar-style":"default","ast-global-header-display":"","ast-banner-title-visibility":"","ast-main-header-display":"","ast-hfb-above-header-display":"","ast-hfb-below-header-display":"","ast-hfb-mobile-header-display":"","site-post-title":"","ast-breadcrumbs-content":"","ast-featured-img":"","footer-sml-layout":"","theme-transparent-header-meta":"default","adv-header-id-meta":"","stick-header-meta":"","header-above-stick-meta":"","header-main-stick-meta":"","header-below-stick-meta":"","astra-migrate-meta-layouts":"default","ast-page-background-enabled":"default","ast-page-background-meta":{"desktop":{"background-color":"var(--ast-global-color-4)","background-image":"","background-repeat":"repeat","background-position":"center center","background-size":"auto","background-attachment":"scroll","background-type":"","background-media":"","overlay-type":"","overlay-color":"","overlay-opacity":"","overlay-gradient":""},"tablet":{"background-color":"","background-image":"","background-repeat":"repeat","background-position":"center center","background-size":"auto","background-attachment":"scroll","background-type":"","background-media":"","overlay-type":"","overlay-color":"","overlay-opacity":"","overlay-gradient":""},"mobile":{"background-color":"","background-image":"","background-repeat":"repeat","background-position":"center center","background-size":"auto","background-attachment":"scroll","background-type":"","background-media":"","overlay-type":"","overlay-color":"","overlay-opacity":"","overlay-gradient":""}},"ast-content-background-meta":{"desktop":{"background-color":"var(--ast-global-color-5)","background-image":"","background-repeat":"repeat","background-position":"center center","background-size":"auto","background-attachment":"scroll","background-type":"","background-media":"","overlay-type":"","overlay-color":"","overlay-opacity":"","overlay-gradient":""},"tablet":{"background-color":"var(--ast-global-color-5)","background-image":"","background-repeat":"repeat","background-position":"center center","background-size":"auto","background-attachment":"scroll","background-type":"","background-media":"","overlay-type":"","overlay-color":"","overlay-opacity":"","overlay-gradient":""},"mobile":{"background-color":"var(--ast-global-color-5)","background-image":"","background-repeat":"repeat","background-position":"center center","background-size":"auto","background-attachment":"scroll","background-type":"","background-media":"","overlay-type":"","overlay-color":"","overlay-opacity":"","overlay-gradient":""}}},"product_cat":[19,23,29,27],"product_tag":[],"class_list":{"0":"post-292","1":"product","2":"type-product","3":"status-publish","4":"has-post-thumbnail","6":"product_cat-adulto","7":"product_cat-gato","8":"product_cat-lata","9":"product_cat-veterinary-diet","10":"desktop-align-left","11":"tablet-align-left","12":"mobile-align-left","14":"first","15":"instock","16":"shipping-taxable","17":"product-type-simple"},"_links":{"self":[{"href":"https:\/\/croquetasparaayer.com.mx\/index.php\/wp-json\/wp\/v2\/product\/292","targetHints":{"allow":["GET"]}}],"collection":[{"href":"https:\/\/croquetasparaayer.com.mx\/index.php\/wp-json\/wp\/v2\/product"}],"about":[{"href":"https:\/\/croquetasparaayer.com.mx\/index.php\/wp-json\/wp\/v2\/types\/product"}],"replies":[{"embeddable":true,"href":"https:\/\/croquetasparaayer.com.mx\/index.php\/wp-json\/wp\/v2\/comments?post=292"}],"wp:featuredmedia":[{"embeddable":true,"href":"https:\/\/croquetasparaayer.com.mx\/index.php\/wp-json\/wp\/v2\/media\/293"}],"wp:attachment":[{"href":"https:\/\/croquetasparaayer.com.mx\/index.php\/wp-json\/wp\/v2\/media?parent=292"}],"wp:term":[{"taxonomy":"product_cat","embeddable":true,"href":"https:\/\/croquetasparaayer.com.mx\/index.php\/wp-json\/wp\/v2\/product_cat?post=292"},{"taxonomy":"product_tag","embeddable":true,"href":"https:\/\/croquetasparaayer.com.mx\/index.php\/wp-json\/wp\/v2\/product_tag?post=292"}],"curies":[{"name":"wp","href":"https:\/\/api.w.org\/{rel}","templated":true}]}}