{"id":300,"date":"2023-05-25T19:54:59","date_gmt":"2023-05-26T01:54:59","guid":{"rendered":"https:\/\/croquetasparaayer.com.mx\/?post_type=product&#038;p=300"},"modified":"2023-05-25T19:55:00","modified_gmt":"2023-05-26T01:55:00","slug":"pro-plan-reduced-calorie","status":"publish","type":"product","link":"https:\/\/croquetasparaayer.com.mx\/index.php\/producto\/pro-plan-reduced-calorie\/","title":{"rendered":"Pro Plan Reduced Calorie"},"content":{"rendered":"<p>Alimento h\u00famedo completo y balanceado para gatos adultos de todas las razas. Gracias a la reducci\u00f3n de un 35% de las grasas, junto con unos niveles elevados de prote\u00ednas y fibras naturales, para reducir peso y mantener una condici\u00f3n corporal saludable.<\/p>\n<h6>BENEFICIOS:<\/h6>\n<ul>\n<li>Contiene prote\u00edna de alta calidad que limita la perdida de masa muscular mientras baja de peso<\/li>\n<li>Con un aporte adecuado de carbohidratos, vitaminas y minerales para evitar las deficiencias nutricionales<\/li>\n<li>Formulado con ingredientes de alta calidad que lo hacen m\u00e1s f\u00e1cilmente aceptado<\/li>\n<li>Una dieta con alto contenido de humedad que la hace m\u00e1s palatable y favorece la hidrataci\u00f3n de los gatos<\/li>\n<li>Opti Tecnolog\u00edas Nuestras f\u00f3rmulas cuentan con una combinaci\u00f3n exclusiva de ingredientes clave para las necesidades espec\u00edficas de cada mascota.<\/li>\n<li>Carne fresca como primer ingrediente Alimento seco con carne real como primer ingrediente que entrega un \u00f3ptimo nivel de nutrientes de manera eficaz.<\/li>\n<\/ul>\n","protected":false},"excerpt":{"rendered":"<p>Alimento h\u00famedo completo y balanceado para gatos adultos de todas las razas. Gracias a la reducci\u00f3n de un 35% de las grasas, junto con unos niveles elevados de prote\u00ednas y fibras naturales, para reducir peso y mantener una condici\u00f3n corporal saludable. BENEFICIOS: Contiene prote\u00edna de alta calidad que limita la perdida de masa muscular mientras [&hellip;]<\/p>\n","protected":false},"featured_media":301,"comment_status":"open","ping_status":"closed","template":"","meta":{"site-sidebar-layout":"default","site-content-layout":"default","ast-site-content-layout":"","site-content-style":"default","site-sidebar-style":"default","ast-global-header-display":"","ast-banner-title-visibility":"","ast-main-header-display":"","ast-hfb-above-header-display":"","ast-hfb-below-header-display":"","ast-hfb-mobile-header-display":"","site-post-title":"","ast-breadcrumbs-content":"","ast-featured-img":"","footer-sml-layout":"","theme-transparent-header-meta":"default","adv-header-id-meta":"","stick-header-meta":"","header-above-stick-meta":"","header-main-stick-meta":"","header-below-stick-meta":"","astra-migrate-meta-layouts":"default","ast-page-background-enabled":"default","ast-page-background-meta":{"desktop":{"background-color":"var(--ast-global-color-4)","background-image":"","background-repeat":"repeat","background-position":"center center","background-size":"auto","background-attachment":"scroll","background-type":"","background-media":"","overlay-type":"","overlay-color":"","overlay-opacity":"","overlay-gradient":""},"tablet":{"background-color":"","background-image":"","background-repeat":"repeat","background-position":"center center","background-size":"auto","background-attachment":"scroll","background-type":"","background-media":"","overlay-type":"","overlay-color":"","overlay-opacity":"","overlay-gradient":""},"mobile":{"background-color":"","background-image":"","background-repeat":"repeat","background-position":"center center","background-size":"auto","background-attachment":"scroll","background-type":"","background-media":"","overlay-type":"","overlay-color":"","overlay-opacity":"","overlay-gradient":""}},"ast-content-background-meta":{"desktop":{"background-color":"var(--ast-global-color-5)","background-image":"","background-repeat":"repeat","background-position":"center center","background-size":"auto","background-attachment":"scroll","background-type":"","background-media":"","overlay-type":"","overlay-color":"","overlay-opacity":"","overlay-gradient":""},"tablet":{"background-color":"var(--ast-global-color-5)","background-image":"","background-repeat":"repeat","background-position":"center center","background-size":"auto","background-attachment":"scroll","background-type":"","background-media":"","overlay-type":"","overlay-color":"","overlay-opacity":"","overlay-gradient":""},"mobile":{"background-color":"var(--ast-global-color-5)","background-image":"","background-repeat":"repeat","background-position":"center center","background-size":"auto","background-attachment":"scroll","background-type":"","background-media":"","overlay-type":"","overlay-color":"","overlay-opacity":"","overlay-gradient":""}}},"product_cat":[19,23,29],"product_tag":[],"class_list":{"0":"post-300","1":"product","2":"type-product","3":"status-publish","4":"has-post-thumbnail","6":"product_cat-adulto","7":"product_cat-gato","8":"product_cat-lata","9":"desktop-align-left","10":"tablet-align-left","11":"mobile-align-left","13":"first","14":"instock","15":"shipping-taxable","16":"product-type-simple"},"_links":{"self":[{"href":"https:\/\/croquetasparaayer.com.mx\/index.php\/wp-json\/wp\/v2\/product\/300","targetHints":{"allow":["GET"]}}],"collection":[{"href":"https:\/\/croquetasparaayer.com.mx\/index.php\/wp-json\/wp\/v2\/product"}],"about":[{"href":"https:\/\/croquetasparaayer.com.mx\/index.php\/wp-json\/wp\/v2\/types\/product"}],"replies":[{"embeddable":true,"href":"https:\/\/croquetasparaayer.com.mx\/index.php\/wp-json\/wp\/v2\/comments?post=300"}],"wp:featuredmedia":[{"embeddable":true,"href":"https:\/\/croquetasparaayer.com.mx\/index.php\/wp-json\/wp\/v2\/media\/301"}],"wp:attachment":[{"href":"https:\/\/croquetasparaayer.com.mx\/index.php\/wp-json\/wp\/v2\/media?parent=300"}],"wp:term":[{"taxonomy":"product_cat","embeddable":true,"href":"https:\/\/croquetasparaayer.com.mx\/index.php\/wp-json\/wp\/v2\/product_cat?post=300"},{"taxonomy":"product_tag","embeddable":true,"href":"https:\/\/croquetasparaayer.com.mx\/index.php\/wp-json\/wp\/v2\/product_tag?post=300"}],"curies":[{"name":"wp","href":"https:\/\/api.w.org\/{rel}","templated":true}]}}