{"id":312,"date":"2023-05-25T20:17:34","date_gmt":"2023-05-26T02:17:34","guid":{"rendered":"https:\/\/croquetasparaayer.com.mx\/?post_type=product&#038;p=312"},"modified":"2023-05-25T20:17:34","modified_gmt":"2023-05-26T02:17:34","slug":"royal-canin-urinary-so","status":"publish","type":"product","link":"https:\/\/croquetasparaayer.com.mx\/index.php\/producto\/royal-canin-urinary-so\/","title":{"rendered":"Royal Canin Urinary SO"},"content":{"rendered":"<p>Royal Canin Urinary SO es un alimento h\u00famedo para gatos adultos en riesgo de desarrollar trastornos del tracto urinario inferior o que ya los padezcan. Con un bajo nivel de RSS, la Super Saturaci\u00f3n Relativa (RSS, por sus siglas en ingles), previene el potencial de cristalizaci\u00f3n de la orina. RSS, se utiliza en esta dieta para gatos con tendencia a la formaci\u00f3n de cristales de estruvita y oxalato de calcio.<\/p>\n<h6>BENEFICIOS:<\/h6>\n<ul>\n<li>La metodolog\u00eda de Super Saturaci\u00f3n Relativa (RSS) predice el potencial de cristalizaci\u00f3n de la orina. RSS se usa para desarrollar dietas que controlen la urolitiasis por estruvita y oxalato de calcio.<\/li>\n<li>Al incrementar el volumen de orina simult\u00e1neamente se reduce la saturaci\u00f3n de la orina con oxalato de calcio y estruvita, lo que previene dos tipos m\u00e1s comunes de urolitiasis..<\/li>\n<li>Cl\u00ednicamente probado para la reducci\u00f3n de los signos cl\u00ednicos de cistitis idiop\u00e1tica.<\/li>\n<li>Naturalmente conservado para asegurar la frescura y calidad.<\/li>\n<\/ul>\n","protected":false},"excerpt":{"rendered":"<p>Royal Canin Urinary SO es un alimento h\u00famedo para gatos adultos en riesgo de desarrollar trastornos del tracto urinario inferior o que ya los padezcan. Con un bajo nivel de RSS, la Super Saturaci\u00f3n Relativa (RSS, por sus siglas en ingles), previene el potencial de cristalizaci\u00f3n de la orina. RSS, se utiliza en esta dieta [&hellip;]<\/p>\n","protected":false},"featured_media":313,"comment_status":"open","ping_status":"closed","template":"","meta":{"site-sidebar-layout":"default","site-content-layout":"default","ast-site-content-layout":"","site-content-style":"default","site-sidebar-style":"default","ast-global-header-display":"","ast-banner-title-visibility":"","ast-main-header-display":"","ast-hfb-above-header-display":"","ast-hfb-below-header-display":"","ast-hfb-mobile-header-display":"","site-post-title":"","ast-breadcrumbs-content":"","ast-featured-img":"","footer-sml-layout":"","theme-transparent-header-meta":"default","adv-header-id-meta":"","stick-header-meta":"","header-above-stick-meta":"","header-main-stick-meta":"","header-below-stick-meta":"","astra-migrate-meta-layouts":"default","ast-page-background-enabled":"default","ast-page-background-meta":{"desktop":{"background-color":"var(--ast-global-color-4)","background-image":"","background-repeat":"repeat","background-position":"center center","background-size":"auto","background-attachment":"scroll","background-type":"","background-media":"","overlay-type":"","overlay-color":"","overlay-opacity":"","overlay-gradient":""},"tablet":{"background-color":"","background-image":"","background-repeat":"repeat","background-position":"center center","background-size":"auto","background-attachment":"scroll","background-type":"","background-media":"","overlay-type":"","overlay-color":"","overlay-opacity":"","overlay-gradient":""},"mobile":{"background-color":"","background-image":"","background-repeat":"repeat","background-position":"center center","background-size":"auto","background-attachment":"scroll","background-type":"","background-media":"","overlay-type":"","overlay-color":"","overlay-opacity":"","overlay-gradient":""}},"ast-content-background-meta":{"desktop":{"background-color":"var(--ast-global-color-5)","background-image":"","background-repeat":"repeat","background-position":"center center","background-size":"auto","background-attachment":"scroll","background-type":"","background-media":"","overlay-type":"","overlay-color":"","overlay-opacity":"","overlay-gradient":""},"tablet":{"background-color":"var(--ast-global-color-5)","background-image":"","background-repeat":"repeat","background-position":"center center","background-size":"auto","background-attachment":"scroll","background-type":"","background-media":"","overlay-type":"","overlay-color":"","overlay-opacity":"","overlay-gradient":""},"mobile":{"background-color":"var(--ast-global-color-5)","background-image":"","background-repeat":"repeat","background-position":"center center","background-size":"auto","background-attachment":"scroll","background-type":"","background-media":"","overlay-type":"","overlay-color":"","overlay-opacity":"","overlay-gradient":""}}},"product_cat":[19,23,29,27],"product_tag":[],"class_list":{"0":"post-312","1":"product","2":"type-product","3":"status-publish","4":"has-post-thumbnail","6":"product_cat-adulto","7":"product_cat-gato","8":"product_cat-lata","9":"product_cat-veterinary-diet","10":"desktop-align-left","11":"tablet-align-left","12":"mobile-align-left","14":"first","15":"instock","16":"shipping-taxable","17":"product-type-simple"},"_links":{"self":[{"href":"https:\/\/croquetasparaayer.com.mx\/index.php\/wp-json\/wp\/v2\/product\/312","targetHints":{"allow":["GET"]}}],"collection":[{"href":"https:\/\/croquetasparaayer.com.mx\/index.php\/wp-json\/wp\/v2\/product"}],"about":[{"href":"https:\/\/croquetasparaayer.com.mx\/index.php\/wp-json\/wp\/v2\/types\/product"}],"replies":[{"embeddable":true,"href":"https:\/\/croquetasparaayer.com.mx\/index.php\/wp-json\/wp\/v2\/comments?post=312"}],"wp:featuredmedia":[{"embeddable":true,"href":"https:\/\/croquetasparaayer.com.mx\/index.php\/wp-json\/wp\/v2\/media\/313"}],"wp:attachment":[{"href":"https:\/\/croquetasparaayer.com.mx\/index.php\/wp-json\/wp\/v2\/media?parent=312"}],"wp:term":[{"taxonomy":"product_cat","embeddable":true,"href":"https:\/\/croquetasparaayer.com.mx\/index.php\/wp-json\/wp\/v2\/product_cat?post=312"},{"taxonomy":"product_tag","embeddable":true,"href":"https:\/\/croquetasparaayer.com.mx\/index.php\/wp-json\/wp\/v2\/product_tag?post=312"}],"curies":[{"name":"wp","href":"https:\/\/api.w.org\/{rel}","templated":true}]}}