{"id":319,"date":"2023-05-26T18:58:48","date_gmt":"2023-05-27T00:58:48","guid":{"rendered":"https:\/\/croquetasparaayer.com.mx\/?post_type=product&#038;p=319"},"modified":"2023-05-26T18:58:48","modified_gmt":"2023-05-27T00:58:48","slug":"royal-canin-renal-support-d","status":"publish","type":"product","link":"https:\/\/croquetasparaayer.com.mx\/index.php\/producto\/royal-canin-renal-support-d\/","title":{"rendered":"Royal Canin Renal Support D"},"content":{"rendered":"<p>Alimento h\u00famedo Royal Canin Renal Support D, limento h\u00famedo para gatos con insuficiencia renal cr\u00f3nica (IRC).<\/p>\n<p><strong>An\u00e1lisis garantizado:<\/strong> Prote\u00edna cruda (m\u00edn.): 6.5 %, Grasa cruda (m\u00edn.): 6.5 %, Fibra cruda (m\u00e1x.): 2.0 %, Humedad (m\u00e1x.): 79.0 %, F\u00f3sforo (M\u00e1x.): 0.15 %, Contenido cal\u00f3rico (NRC 85): 1,142 kcal, Energ\u00eda metabolizable: 97 kcal \/ lata. Contenido cal\u00f3rico: Esta dieta contiene 1142 kilocalor\u00edas de energ\u00eda metabolizable (EM) por kilogramo o 97 kilocalor\u00edas de EM por taza en forma de alimento (calculado).<\/p>\n<p><strong>Intrucciones de alimentaci\u00f3n:<\/strong> Alimente solo seg\u00fan las indicaciones de su veterinario. Aseg\u00farese de que haya agua potable fresca disponible en todo momento. Cubra y refrigere la porci\u00f3n no utilizada.<\/p>\n","protected":false},"excerpt":{"rendered":"<p>Alimento h\u00famedo Royal Canin Renal Support D, limento h\u00famedo para gatos con insuficiencia renal cr\u00f3nica (IRC). An\u00e1lisis garantizado: Prote\u00edna cruda (m\u00edn.): 6.5 %, Grasa cruda (m\u00edn.): 6.5 %, Fibra cruda (m\u00e1x.): 2.0 %, Humedad (m\u00e1x.): 79.0 %, F\u00f3sforo (M\u00e1x.): 0.15 %, Contenido cal\u00f3rico (NRC 85): 1,142 kcal, Energ\u00eda metabolizable: 97 kcal \/ lata. Contenido cal\u00f3rico: [&hellip;]<\/p>\n","protected":false},"featured_media":320,"comment_status":"open","ping_status":"closed","template":"","meta":{"site-sidebar-layout":"default","site-content-layout":"default","ast-site-content-layout":"","site-content-style":"default","site-sidebar-style":"default","ast-global-header-display":"","ast-banner-title-visibility":"","ast-main-header-display":"","ast-hfb-above-header-display":"","ast-hfb-below-header-display":"","ast-hfb-mobile-header-display":"","site-post-title":"","ast-breadcrumbs-content":"","ast-featured-img":"","footer-sml-layout":"","theme-transparent-header-meta":"default","adv-header-id-meta":"","stick-header-meta":"","header-above-stick-meta":"","header-main-stick-meta":"","header-below-stick-meta":"","astra-migrate-meta-layouts":"default","ast-page-background-enabled":"default","ast-page-background-meta":{"desktop":{"background-color":"var(--ast-global-color-4)","background-image":"","background-repeat":"repeat","background-position":"center center","background-size":"auto","background-attachment":"scroll","background-type":"","background-media":"","overlay-type":"","overlay-color":"","overlay-opacity":"","overlay-gradient":""},"tablet":{"background-color":"","background-image":"","background-repeat":"repeat","background-position":"center center","background-size":"auto","background-attachment":"scroll","background-type":"","background-media":"","overlay-type":"","overlay-color":"","overlay-opacity":"","overlay-gradient":""},"mobile":{"background-color":"","background-image":"","background-repeat":"repeat","background-position":"center center","background-size":"auto","background-attachment":"scroll","background-type":"","background-media":"","overlay-type":"","overlay-color":"","overlay-opacity":"","overlay-gradient":""}},"ast-content-background-meta":{"desktop":{"background-color":"var(--ast-global-color-5)","background-image":"","background-repeat":"repeat","background-position":"center center","background-size":"auto","background-attachment":"scroll","background-type":"","background-media":"","overlay-type":"","overlay-color":"","overlay-opacity":"","overlay-gradient":""},"tablet":{"background-color":"var(--ast-global-color-5)","background-image":"","background-repeat":"repeat","background-position":"center center","background-size":"auto","background-attachment":"scroll","background-type":"","background-media":"","overlay-type":"","overlay-color":"","overlay-opacity":"","overlay-gradient":""},"mobile":{"background-color":"var(--ast-global-color-5)","background-image":"","background-repeat":"repeat","background-position":"center center","background-size":"auto","background-attachment":"scroll","background-type":"","background-media":"","overlay-type":"","overlay-color":"","overlay-opacity":"","overlay-gradient":""}}},"product_cat":[19,23,29,27],"product_tag":[],"class_list":{"0":"post-319","1":"product","2":"type-product","3":"status-publish","4":"has-post-thumbnail","6":"product_cat-adulto","7":"product_cat-gato","8":"product_cat-lata","9":"product_cat-veterinary-diet","10":"desktop-align-left","11":"tablet-align-left","12":"mobile-align-left","14":"first","15":"instock","16":"shipping-taxable","17":"product-type-simple"},"_links":{"self":[{"href":"https:\/\/croquetasparaayer.com.mx\/index.php\/wp-json\/wp\/v2\/product\/319","targetHints":{"allow":["GET"]}}],"collection":[{"href":"https:\/\/croquetasparaayer.com.mx\/index.php\/wp-json\/wp\/v2\/product"}],"about":[{"href":"https:\/\/croquetasparaayer.com.mx\/index.php\/wp-json\/wp\/v2\/types\/product"}],"replies":[{"embeddable":true,"href":"https:\/\/croquetasparaayer.com.mx\/index.php\/wp-json\/wp\/v2\/comments?post=319"}],"wp:featuredmedia":[{"embeddable":true,"href":"https:\/\/croquetasparaayer.com.mx\/index.php\/wp-json\/wp\/v2\/media\/320"}],"wp:attachment":[{"href":"https:\/\/croquetasparaayer.com.mx\/index.php\/wp-json\/wp\/v2\/media?parent=319"}],"wp:term":[{"taxonomy":"product_cat","embeddable":true,"href":"https:\/\/croquetasparaayer.com.mx\/index.php\/wp-json\/wp\/v2\/product_cat?post=319"},{"taxonomy":"product_tag","embeddable":true,"href":"https:\/\/croquetasparaayer.com.mx\/index.php\/wp-json\/wp\/v2\/product_tag?post=319"}],"curies":[{"name":"wp","href":"https:\/\/api.w.org\/{rel}","templated":true}]}}