{"id":321,"date":"2023-05-26T19:03:02","date_gmt":"2023-05-27T01:03:02","guid":{"rendered":"https:\/\/croquetasparaayer.com.mx\/?post_type=product&#038;p=321"},"modified":"2023-05-26T19:03:02","modified_gmt":"2023-05-27T01:03:02","slug":"royal-canin-recovery","status":"publish","type":"product","link":"https:\/\/croquetasparaayer.com.mx\/index.php\/producto\/royal-canin-recovery\/","title":{"rendered":"Royal Canin Recovery"},"content":{"rendered":"<p>Alimento h\u00famedo Royal Canin Recovery Wet para perros en cuidado intensivos o en convalecencia, malnutrici\u00f3n, caquexia, anorexia, inapetencia, soporte nutricional en enfermedad cr\u00edtica y cuidado post-quir\u00fargico.<\/p>\n<h6>BENEFICIOS:<\/h6>\n<ul>\n<li>Alta densidad de energ\u00eda que satisface las necesidades energ\u00e9ticas diarias en un volumen dealimentaci\u00f3n reducido.<\/li>\n<li class=\"rc-template__benefit-item rc-margin-x--none rc-padding-bottom--md--desktop rc-padding-bottom--md--mobile rc-padding-x--sm--desktop  \">\n<div class=\"rc-padding-x--none--mobile \">\n<p><span style=\"font-size: 16px;\">Textura espec\u00edfica que facilita la alimentaci\u00f3n con jeringa o sonda.<\/span><\/p>\n<\/div>\n<\/li>\n<li class=\"rc-template__benefit-item rc-margin-x--none rc-padding-bottom--md--desktop rc-padding-bottom--md--mobile rc-padding-x--sm--desktop  \">\n<div class=\"rc-padding-x--none--mobile \">\n<p class=\"rc-margin-y--none\"><span style=\"font-size: 16px;\">Un contenido elevado de prote\u00ednas que ayuda a mantener la masa muscular durante lahospitalizaci\u00f3n y convalecencia.<\/span><\/p>\n<\/div>\n<\/li>\n<\/ul>\n","protected":false},"excerpt":{"rendered":"<p>Alimento h\u00famedo Royal Canin Recovery Wet para perros en cuidado intensivos o en convalecencia, malnutrici\u00f3n, caquexia, anorexia, inapetencia, soporte nutricional en enfermedad cr\u00edtica y cuidado post-quir\u00fargico. BENEFICIOS: Alta densidad de energ\u00eda que satisface las necesidades energ\u00e9ticas diarias en un volumen dealimentaci\u00f3n reducido. Textura espec\u00edfica que facilita la alimentaci\u00f3n con jeringa o sonda. Un contenido elevado [&hellip;]<\/p>\n","protected":false},"featured_media":322,"comment_status":"open","ping_status":"closed","template":"","meta":{"site-sidebar-layout":"default","site-content-layout":"default","ast-site-content-layout":"","site-content-style":"default","site-sidebar-style":"default","ast-global-header-display":"","ast-banner-title-visibility":"","ast-main-header-display":"","ast-hfb-above-header-display":"","ast-hfb-below-header-display":"","ast-hfb-mobile-header-display":"","site-post-title":"","ast-breadcrumbs-content":"","ast-featured-img":"","footer-sml-layout":"","theme-transparent-header-meta":"default","adv-header-id-meta":"","stick-header-meta":"","header-above-stick-meta":"","header-main-stick-meta":"","header-below-stick-meta":"","astra-migrate-meta-layouts":"default","ast-page-background-enabled":"default","ast-page-background-meta":{"desktop":{"background-color":"var(--ast-global-color-4)","background-image":"","background-repeat":"repeat","background-position":"center center","background-size":"auto","background-attachment":"scroll","background-type":"","background-media":"","overlay-type":"","overlay-color":"","overlay-opacity":"","overlay-gradient":""},"tablet":{"background-color":"","background-image":"","background-repeat":"repeat","background-position":"center center","background-size":"auto","background-attachment":"scroll","background-type":"","background-media":"","overlay-type":"","overlay-color":"","overlay-opacity":"","overlay-gradient":""},"mobile":{"background-color":"","background-image":"","background-repeat":"repeat","background-position":"center center","background-size":"auto","background-attachment":"scroll","background-type":"","background-media":"","overlay-type":"","overlay-color":"","overlay-opacity":"","overlay-gradient":""}},"ast-content-background-meta":{"desktop":{"background-color":"var(--ast-global-color-5)","background-image":"","background-repeat":"repeat","background-position":"center center","background-size":"auto","background-attachment":"scroll","background-type":"","background-media":"","overlay-type":"","overlay-color":"","overlay-opacity":"","overlay-gradient":""},"tablet":{"background-color":"var(--ast-global-color-5)","background-image":"","background-repeat":"repeat","background-position":"center center","background-size":"auto","background-attachment":"scroll","background-type":"","background-media":"","overlay-type":"","overlay-color":"","overlay-opacity":"","overlay-gradient":""},"mobile":{"background-color":"var(--ast-global-color-5)","background-image":"","background-repeat":"repeat","background-position":"center center","background-size":"auto","background-attachment":"scroll","background-type":"","background-media":"","overlay-type":"","overlay-color":"","overlay-opacity":"","overlay-gradient":""}}},"product_cat":[19,23,29,21],"product_tag":[],"class_list":{"0":"post-321","1":"product","2":"type-product","3":"status-publish","4":"has-post-thumbnail","6":"product_cat-adulto","7":"product_cat-gato","8":"product_cat-lata","9":"product_cat-perro","10":"desktop-align-left","11":"tablet-align-left","12":"mobile-align-left","14":"first","15":"instock","16":"shipping-taxable","17":"product-type-simple"},"_links":{"self":[{"href":"https:\/\/croquetasparaayer.com.mx\/index.php\/wp-json\/wp\/v2\/product\/321","targetHints":{"allow":["GET"]}}],"collection":[{"href":"https:\/\/croquetasparaayer.com.mx\/index.php\/wp-json\/wp\/v2\/product"}],"about":[{"href":"https:\/\/croquetasparaayer.com.mx\/index.php\/wp-json\/wp\/v2\/types\/product"}],"replies":[{"embeddable":true,"href":"https:\/\/croquetasparaayer.com.mx\/index.php\/wp-json\/wp\/v2\/comments?post=321"}],"wp:featuredmedia":[{"embeddable":true,"href":"https:\/\/croquetasparaayer.com.mx\/index.php\/wp-json\/wp\/v2\/media\/322"}],"wp:attachment":[{"href":"https:\/\/croquetasparaayer.com.mx\/index.php\/wp-json\/wp\/v2\/media?parent=321"}],"wp:term":[{"taxonomy":"product_cat","embeddable":true,"href":"https:\/\/croquetasparaayer.com.mx\/index.php\/wp-json\/wp\/v2\/product_cat?post=321"},{"taxonomy":"product_tag","embeddable":true,"href":"https:\/\/croquetasparaayer.com.mx\/index.php\/wp-json\/wp\/v2\/product_tag?post=321"}],"curies":[{"name":"wp","href":"https:\/\/api.w.org\/{rel}","templated":true}]}}