{"id":323,"date":"2023-05-26T19:07:20","date_gmt":"2023-05-27T01:07:20","guid":{"rendered":"https:\/\/croquetasparaayer.com.mx\/?post_type=product&#038;p=323"},"modified":"2023-05-26T19:07:20","modified_gmt":"2023-05-27T01:07:20","slug":"pro-plan-veterinary-diets-critical-nutrition-cn","status":"publish","type":"product","link":"https:\/\/croquetasparaayer.com.mx\/index.php\/producto\/pro-plan-veterinary-diets-critical-nutrition-cn\/","title":{"rendered":"Pro Plan Veterinary Diets Critical Nutrition CN"},"content":{"rendered":"<p>Alimento completo para perros y gatos adultos de todas las razas que provee los nutrientes necesarios para atravesar per\u00edodos de convalescencia. Una dieta cl\u00ednica dise\u00f1ada como apoyo nutricional durante la convalecencia en perros y gatos de todas las edades.<\/p>\n<h2><strong>Beneficios<\/strong><\/h2>\n<ul>\n<li>Gracias a su elevada palatabilidad ayuda a asegurar el consumo incluso en perros anor\u00e9xicos, quisquillosos y convalecientes.<\/li>\n<li>Ayuda a cicatrizar las heridas y a la funci\u00f3n inmunitaria debido a su elevada inclusi\u00f3n de zinc y arginina.<\/li>\n<li>El elevado contenido de vitamina E proporciona un apoyo antioxidante adicional durante la recuperaci\u00f3n.<\/li>\n<li>Ayuda a reducir la inflamaci\u00f3n no deseable debido a la presencia de \u00e1cidos grasos omega 3.<\/li>\n<li>Antioxidantes a\u00f1adidos<\/li>\n<li>Alto contenido en grasas para proporcionar energ\u00eda<\/li>\n<li>La nutrici\u00f3n m\u00e1s avanzada para los problemas de salud de las mascotas<\/li>\n<\/ul>\n<h2><strong>Indicaciones<\/strong><\/h2>\n<ul>\n<li>Enfermedades que requieren alimentaci\u00f3n asistida<\/li>\n<li>Anorexia<\/li>\n<li>Convalecencia<\/li>\n<li>Enfermedad cr\u00edtica<\/li>\n<li>Desnutrici\u00f3n<\/li>\n<\/ul>\n","protected":false},"excerpt":{"rendered":"<p>Alimento completo para perros y gatos adultos de todas las razas que provee los nutrientes necesarios para atravesar per\u00edodos de convalescencia. Una dieta cl\u00ednica dise\u00f1ada como apoyo nutricional durante la convalecencia en perros y gatos de todas las edades. Beneficios Gracias a su elevada palatabilidad ayuda a asegurar el consumo incluso en perros anor\u00e9xicos, quisquillosos [&hellip;]<\/p>\n","protected":false},"featured_media":324,"comment_status":"open","ping_status":"closed","template":"","meta":{"site-sidebar-layout":"default","site-content-layout":"default","ast-site-content-layout":"","site-content-style":"default","site-sidebar-style":"default","ast-global-header-display":"","ast-banner-title-visibility":"","ast-main-header-display":"","ast-hfb-above-header-display":"","ast-hfb-below-header-display":"","ast-hfb-mobile-header-display":"","site-post-title":"","ast-breadcrumbs-content":"","ast-featured-img":"","footer-sml-layout":"","theme-transparent-header-meta":"default","adv-header-id-meta":"","stick-header-meta":"","header-above-stick-meta":"","header-main-stick-meta":"","header-below-stick-meta":"","astra-migrate-meta-layouts":"default","ast-page-background-enabled":"default","ast-page-background-meta":{"desktop":{"background-color":"var(--ast-global-color-4)","background-image":"","background-repeat":"repeat","background-position":"center center","background-size":"auto","background-attachment":"scroll","background-type":"","background-media":"","overlay-type":"","overlay-color":"","overlay-opacity":"","overlay-gradient":""},"tablet":{"background-color":"","background-image":"","background-repeat":"repeat","background-position":"center center","background-size":"auto","background-attachment":"scroll","background-type":"","background-media":"","overlay-type":"","overlay-color":"","overlay-opacity":"","overlay-gradient":""},"mobile":{"background-color":"","background-image":"","background-repeat":"repeat","background-position":"center center","background-size":"auto","background-attachment":"scroll","background-type":"","background-media":"","overlay-type":"","overlay-color":"","overlay-opacity":"","overlay-gradient":""}},"ast-content-background-meta":{"desktop":{"background-color":"var(--ast-global-color-5)","background-image":"","background-repeat":"repeat","background-position":"center center","background-size":"auto","background-attachment":"scroll","background-type":"","background-media":"","overlay-type":"","overlay-color":"","overlay-opacity":"","overlay-gradient":""},"tablet":{"background-color":"var(--ast-global-color-5)","background-image":"","background-repeat":"repeat","background-position":"center center","background-size":"auto","background-attachment":"scroll","background-type":"","background-media":"","overlay-type":"","overlay-color":"","overlay-opacity":"","overlay-gradient":""},"mobile":{"background-color":"var(--ast-global-color-5)","background-image":"","background-repeat":"repeat","background-position":"center center","background-size":"auto","background-attachment":"scroll","background-type":"","background-media":"","overlay-type":"","overlay-color":"","overlay-opacity":"","overlay-gradient":""}}},"product_cat":[19,23,29,21,27],"product_tag":[],"class_list":{"0":"post-323","1":"product","2":"type-product","3":"status-publish","4":"has-post-thumbnail","6":"product_cat-adulto","7":"product_cat-gato","8":"product_cat-lata","9":"product_cat-perro","10":"product_cat-veterinary-diet","11":"desktop-align-left","12":"tablet-align-left","13":"mobile-align-left","15":"first","16":"instock","17":"shipping-taxable","18":"product-type-simple"},"_links":{"self":[{"href":"https:\/\/croquetasparaayer.com.mx\/index.php\/wp-json\/wp\/v2\/product\/323","targetHints":{"allow":["GET"]}}],"collection":[{"href":"https:\/\/croquetasparaayer.com.mx\/index.php\/wp-json\/wp\/v2\/product"}],"about":[{"href":"https:\/\/croquetasparaayer.com.mx\/index.php\/wp-json\/wp\/v2\/types\/product"}],"replies":[{"embeddable":true,"href":"https:\/\/croquetasparaayer.com.mx\/index.php\/wp-json\/wp\/v2\/comments?post=323"}],"wp:featuredmedia":[{"embeddable":true,"href":"https:\/\/croquetasparaayer.com.mx\/index.php\/wp-json\/wp\/v2\/media\/324"}],"wp:attachment":[{"href":"https:\/\/croquetasparaayer.com.mx\/index.php\/wp-json\/wp\/v2\/media?parent=323"}],"wp:term":[{"taxonomy":"product_cat","embeddable":true,"href":"https:\/\/croquetasparaayer.com.mx\/index.php\/wp-json\/wp\/v2\/product_cat?post=323"},{"taxonomy":"product_tag","embeddable":true,"href":"https:\/\/croquetasparaayer.com.mx\/index.php\/wp-json\/wp\/v2\/product_tag?post=323"}],"curies":[{"name":"wp","href":"https:\/\/api.w.org\/{rel}","templated":true}]}}