{"id":325,"date":"2023-05-26T19:11:16","date_gmt":"2023-05-27T01:11:16","guid":{"rendered":"https:\/\/croquetasparaayer.com.mx\/?post_type=product&#038;p=325"},"modified":"2023-07-28T14:47:47","modified_gmt":"2023-07-28T20:47:47","slug":"hills-urgent-care-a-d","status":"publish","type":"product","link":"https:\/\/croquetasparaayer.com.mx\/index.php\/producto\/hills-urgent-care-a-d\/","title":{"rendered":"Hill&#8217;s Urgent CARE  a\/d"},"content":{"rendered":"<p>Hill&#8217;s Prescription Diet a\/d Los gatos y los perros pueden sufrir cambios metab\u00f3licos significativos cuando se recuperan de una cirug\u00eda, enfermedad o lesi\u00f3n. Mientras se encuentra en estas condiciones estresantes, su mascota tiene el desaf\u00edo de mantener sus fuertes defensas naturales, lo que hace que sea a\u00fan m\u00e1s importante darle la comida adecuada para ayudar a su mascota a recuperarse de estas situaciones dif\u00edciles. Los nutricionistas y veterinarios de Hill\u2019s desarrollaron Prescription Diet a\/d, nutrici\u00f3n cl\u00ednicamente probada especialmente formulada para perros y gatos que se recuperan de una cirug\u00eda, enfermedad o lesi\u00f3n para que pueda sentirse seguro de que le est\u00e1 dando lo mejor a su mascota. Est\u00e1 destinado \u00fanicamente a la alimentaci\u00f3n intermitente o suplementaria. No recomendado para alimentaci\u00f3n a largo plazo (m\u00e1s de 6 meses).<\/p>\n<h6>BENEFICIOS:<\/h6>\n<ul>\n<li>Energ\u00eda densa y rica en calor\u00edas para proporcionar la energ\u00eda necesaria durante la recuperaci\u00f3n.<\/li>\n<li>Sabor excepcional para animar a comer.<\/li>\n<li>M\u00e1xima flexibilidad en la alimentaci\u00f3n (a mano, taz\u00f3n, cuchara, jeringa o sonda) para proporcionar los nutrientes esenciales que necesitan las mascotas en estado cr\u00edtico.<\/li>\n<li>Refuerza el sistema inmunol\u00f3gico y apoya la capacidad natural de su mascota para sanar<\/li>\n<\/ul>\n","protected":false},"excerpt":{"rendered":"<p>Hill&#8217;s Prescription Diet a\/d Los gatos y los perros pueden sufrir cambios metab\u00f3licos significativos cuando se recuperan de una cirug\u00eda, enfermedad o lesi\u00f3n. Mientras se encuentra en estas condiciones estresantes, su mascota tiene el desaf\u00edo de mantener sus fuertes defensas naturales, lo que hace que sea a\u00fan m\u00e1s importante darle la comida adecuada para ayudar [&hellip;]<\/p>\n","protected":false},"featured_media":326,"comment_status":"open","ping_status":"closed","template":"","meta":{"site-sidebar-layout":"default","site-content-layout":"default","ast-site-content-layout":"","site-content-style":"default","site-sidebar-style":"default","ast-global-header-display":"","ast-banner-title-visibility":"","ast-main-header-display":"","ast-hfb-above-header-display":"","ast-hfb-below-header-display":"","ast-hfb-mobile-header-display":"","site-post-title":"","ast-breadcrumbs-content":"","ast-featured-img":"","footer-sml-layout":"","theme-transparent-header-meta":"default","adv-header-id-meta":"","stick-header-meta":"","header-above-stick-meta":"","header-main-stick-meta":"","header-below-stick-meta":"","astra-migrate-meta-layouts":"default","ast-page-background-enabled":"default","ast-page-background-meta":{"desktop":{"background-color":"var(--ast-global-color-4)","background-image":"","background-repeat":"repeat","background-position":"center center","background-size":"auto","background-attachment":"scroll","background-type":"","background-media":"","overlay-type":"","overlay-color":"","overlay-opacity":"","overlay-gradient":""},"tablet":{"background-color":"","background-image":"","background-repeat":"repeat","background-position":"center center","background-size":"auto","background-attachment":"scroll","background-type":"","background-media":"","overlay-type":"","overlay-color":"","overlay-opacity":"","overlay-gradient":""},"mobile":{"background-color":"","background-image":"","background-repeat":"repeat","background-position":"center center","background-size":"auto","background-attachment":"scroll","background-type":"","background-media":"","overlay-type":"","overlay-color":"","overlay-opacity":"","overlay-gradient":""}},"ast-content-background-meta":{"desktop":{"background-color":"var(--ast-global-color-5)","background-image":"","background-repeat":"repeat","background-position":"center center","background-size":"auto","background-attachment":"scroll","background-type":"","background-media":"","overlay-type":"","overlay-color":"","overlay-opacity":"","overlay-gradient":""},"tablet":{"background-color":"var(--ast-global-color-5)","background-image":"","background-repeat":"repeat","background-position":"center center","background-size":"auto","background-attachment":"scroll","background-type":"","background-media":"","overlay-type":"","overlay-color":"","overlay-opacity":"","overlay-gradient":""},"mobile":{"background-color":"var(--ast-global-color-5)","background-image":"","background-repeat":"repeat","background-position":"center center","background-size":"auto","background-attachment":"scroll","background-type":"","background-media":"","overlay-type":"","overlay-color":"","overlay-opacity":"","overlay-gradient":""}}},"product_cat":[19,23,29,27],"product_tag":[],"class_list":{"0":"post-325","1":"product","2":"type-product","3":"status-publish","4":"has-post-thumbnail","6":"product_cat-adulto","7":"product_cat-gato","8":"product_cat-lata","9":"product_cat-veterinary-diet","10":"desktop-align-left","11":"tablet-align-left","12":"mobile-align-left","14":"first","15":"instock","16":"shipping-taxable","17":"product-type-simple"},"_links":{"self":[{"href":"https:\/\/croquetasparaayer.com.mx\/index.php\/wp-json\/wp\/v2\/product\/325","targetHints":{"allow":["GET"]}}],"collection":[{"href":"https:\/\/croquetasparaayer.com.mx\/index.php\/wp-json\/wp\/v2\/product"}],"about":[{"href":"https:\/\/croquetasparaayer.com.mx\/index.php\/wp-json\/wp\/v2\/types\/product"}],"replies":[{"embeddable":true,"href":"https:\/\/croquetasparaayer.com.mx\/index.php\/wp-json\/wp\/v2\/comments?post=325"}],"wp:featuredmedia":[{"embeddable":true,"href":"https:\/\/croquetasparaayer.com.mx\/index.php\/wp-json\/wp\/v2\/media\/326"}],"wp:attachment":[{"href":"https:\/\/croquetasparaayer.com.mx\/index.php\/wp-json\/wp\/v2\/media?parent=325"}],"wp:term":[{"taxonomy":"product_cat","embeddable":true,"href":"https:\/\/croquetasparaayer.com.mx\/index.php\/wp-json\/wp\/v2\/product_cat?post=325"},{"taxonomy":"product_tag","embeddable":true,"href":"https:\/\/croquetasparaayer.com.mx\/index.php\/wp-json\/wp\/v2\/product_tag?post=325"}],"curies":[{"name":"wp","href":"https:\/\/api.w.org\/{rel}","templated":true}]}}