{"id":355,"date":"2023-05-29T14:29:46","date_gmt":"2023-05-29T20:29:46","guid":{"rendered":"https:\/\/croquetasparaayer.com.mx\/?post_type=product&#038;p=355"},"modified":"2023-05-29T14:52:49","modified_gmt":"2023-05-29T20:52:49","slug":"felix-sobre-sabor-atun","status":"publish","type":"product","link":"https:\/\/croquetasparaayer.com.mx\/index.php\/producto\/felix-sobre-sabor-atun\/","title":{"rendered":"Felix Sobre sabor At\u00fan"},"content":{"rendered":"<p>Tu gato no podr\u00e1 resistirse a estas recetas con su aroma y sabor, si eres afortunado y tienes un gato sensacional como\u00a0<strong>Felix\u00ae<\/strong>\u00a0sorprende sus sentidos con una combinaci\u00f3n diferente de sabores todos los d\u00edas.<\/p>\n<p>Ofrece a tu gato un alimento hecho con los ingredientes m\u00e1s deliciosos y de la m\u00e1s alta calidad, cada porci\u00f3n es una fuente de \u00e1cidos grasos esenciales\u00a0<strong>Omega 6<\/strong>, y la perfecta combinaci\u00f3n de nutrientes para satisfacer al 100% las necesidades diarias de tu gato. Este delicioso alimento provee a tu gato los minerales, prote\u00ednas y vitaminas que necesita para despertar su astucia, con los sabores que a \u00e9l le fascinan.<\/p>\n<p>Con un 80% de humedad,\u00a0<strong>Felix\u00ae<\/strong>\u00a0es ideal para ayudar a mantener la correcta hidrataci\u00f3n de tu gato.<\/p>\n","protected":false},"excerpt":{"rendered":"<p>Tu gato no podr\u00e1 resistirse a estas recetas con su aroma y sabor, si eres afortunado y tienes un gato sensacional como\u00a0Felix\u00ae\u00a0sorprende sus sentidos con una combinaci\u00f3n diferente de sabores todos los d\u00edas. Ofrece a tu gato un alimento hecho con los ingredientes m\u00e1s deliciosos y de la m\u00e1s alta calidad, cada porci\u00f3n es una [&hellip;]<\/p>\n","protected":false},"featured_media":356,"comment_status":"open","ping_status":"closed","template":"","meta":{"site-sidebar-layout":"default","site-content-layout":"default","ast-site-content-layout":"","site-content-style":"default","site-sidebar-style":"default","ast-global-header-display":"","ast-banner-title-visibility":"","ast-main-header-display":"","ast-hfb-above-header-display":"","ast-hfb-below-header-display":"","ast-hfb-mobile-header-display":"","site-post-title":"","ast-breadcrumbs-content":"","ast-featured-img":"","footer-sml-layout":"","theme-transparent-header-meta":"default","adv-header-id-meta":"","stick-header-meta":"","header-above-stick-meta":"","header-main-stick-meta":"","header-below-stick-meta":"","astra-migrate-meta-layouts":"default","ast-page-background-enabled":"default","ast-page-background-meta":{"desktop":{"background-color":"var(--ast-global-color-4)","background-image":"","background-repeat":"repeat","background-position":"center center","background-size":"auto","background-attachment":"scroll","background-type":"","background-media":"","overlay-type":"","overlay-color":"","overlay-opacity":"","overlay-gradient":""},"tablet":{"background-color":"","background-image":"","background-repeat":"repeat","background-position":"center center","background-size":"auto","background-attachment":"scroll","background-type":"","background-media":"","overlay-type":"","overlay-color":"","overlay-opacity":"","overlay-gradient":""},"mobile":{"background-color":"","background-image":"","background-repeat":"repeat","background-position":"center center","background-size":"auto","background-attachment":"scroll","background-type":"","background-media":"","overlay-type":"","overlay-color":"","overlay-opacity":"","overlay-gradient":""}},"ast-content-background-meta":{"desktop":{"background-color":"var(--ast-global-color-5)","background-image":"","background-repeat":"repeat","background-position":"center center","background-size":"auto","background-attachment":"scroll","background-type":"","background-media":"","overlay-type":"","overlay-color":"","overlay-opacity":"","overlay-gradient":""},"tablet":{"background-color":"var(--ast-global-color-5)","background-image":"","background-repeat":"repeat","background-position":"center center","background-size":"auto","background-attachment":"scroll","background-type":"","background-media":"","overlay-type":"","overlay-color":"","overlay-opacity":"","overlay-gradient":""},"mobile":{"background-color":"var(--ast-global-color-5)","background-image":"","background-repeat":"repeat","background-position":"center center","background-size":"auto","background-attachment":"scroll","background-type":"","background-media":"","overlay-type":"","overlay-color":"","overlay-opacity":"","overlay-gradient":""}}},"product_cat":[19,23,31],"product_tag":[],"class_list":{"0":"post-355","1":"product","2":"type-product","3":"status-publish","4":"has-post-thumbnail","6":"product_cat-adulto","7":"product_cat-gato","8":"product_cat-sobre","9":"desktop-align-left","10":"tablet-align-left","11":"mobile-align-left","13":"first","14":"instock","15":"shipping-taxable","16":"product-type-simple"},"_links":{"self":[{"href":"https:\/\/croquetasparaayer.com.mx\/index.php\/wp-json\/wp\/v2\/product\/355","targetHints":{"allow":["GET"]}}],"collection":[{"href":"https:\/\/croquetasparaayer.com.mx\/index.php\/wp-json\/wp\/v2\/product"}],"about":[{"href":"https:\/\/croquetasparaayer.com.mx\/index.php\/wp-json\/wp\/v2\/types\/product"}],"replies":[{"embeddable":true,"href":"https:\/\/croquetasparaayer.com.mx\/index.php\/wp-json\/wp\/v2\/comments?post=355"}],"wp:featuredmedia":[{"embeddable":true,"href":"https:\/\/croquetasparaayer.com.mx\/index.php\/wp-json\/wp\/v2\/media\/356"}],"wp:attachment":[{"href":"https:\/\/croquetasparaayer.com.mx\/index.php\/wp-json\/wp\/v2\/media?parent=355"}],"wp:term":[{"taxonomy":"product_cat","embeddable":true,"href":"https:\/\/croquetasparaayer.com.mx\/index.php\/wp-json\/wp\/v2\/product_cat?post=355"},{"taxonomy":"product_tag","embeddable":true,"href":"https:\/\/croquetasparaayer.com.mx\/index.php\/wp-json\/wp\/v2\/product_tag?post=355"}],"curies":[{"name":"wp","href":"https:\/\/api.w.org\/{rel}","templated":true}]}}