{"id":361,"date":"2023-05-29T14:40:02","date_gmt":"2023-05-29T20:40:02","guid":{"rendered":"https:\/\/croquetasparaayer.com.mx\/?post_type=product&#038;p=361"},"modified":"2023-05-29T14:59:44","modified_gmt":"2023-05-29T20:59:44","slug":"felix-sobre-sabor-pavo","status":"publish","type":"product","link":"https:\/\/croquetasparaayer.com.mx\/index.php\/producto\/felix-sobre-sabor-pavo\/","title":{"rendered":"Felix sobre sabor Pavo"},"content":{"rendered":"<p><strong>Purina\u00ae Felix\u00ae Pavo<\/strong>\u00a0es un delicioso alimento h\u00famedo completo y balanceado para gatos adultos, compuesto por deliciosos trocitos de pavo , tu gato har\u00e1 hasta lo imposible para comerlo todos los d\u00edas.<\/p>\n<p>Cada porci\u00f3n de\u00a0<strong>Purina\u00ae Felix\u00ae<\/strong>, es un una deliciosa combinaci\u00f3n balanceada que satisfacer\u00e1 \u00e9l 100% del requerimiento nutricional de tu gato adulto. Contiene\u00a0<strong>vitaminas D y E<\/strong>, una combinaci\u00f3n de\u00a0<strong>minerales, Omega 6\u00a0<\/strong>y\u00a0<strong>prote\u00ednas<\/strong>. Hechos con ingredientes de la m\u00e1s alta calidad.<\/p>\n<p>Tu gato disfrutar\u00e1 de una irresistible comida cada d\u00eda, y con\u00a0<strong>Felix\u00ae<\/strong>\u00a0podr\u00e1s satisfacer su amor por la variedad. Tan bueno como se ve.<\/p>\n","protected":false},"excerpt":{"rendered":"<p>Purina\u00ae Felix\u00ae Pavo\u00a0es un delicioso alimento h\u00famedo completo y balanceado para gatos adultos, compuesto por deliciosos trocitos de pavo , tu gato har\u00e1 hasta lo imposible para comerlo todos los d\u00edas. Cada porci\u00f3n de\u00a0Purina\u00ae Felix\u00ae, es un una deliciosa combinaci\u00f3n balanceada que satisfacer\u00e1 \u00e9l 100% del requerimiento nutricional de tu gato adulto. Contiene\u00a0vitaminas D y [&hellip;]<\/p>\n","protected":false},"featured_media":362,"comment_status":"open","ping_status":"closed","template":"","meta":{"site-sidebar-layout":"default","site-content-layout":"default","ast-site-content-layout":"","site-content-style":"default","site-sidebar-style":"default","ast-global-header-display":"","ast-banner-title-visibility":"","ast-main-header-display":"","ast-hfb-above-header-display":"","ast-hfb-below-header-display":"","ast-hfb-mobile-header-display":"","site-post-title":"","ast-breadcrumbs-content":"","ast-featured-img":"","footer-sml-layout":"","theme-transparent-header-meta":"default","adv-header-id-meta":"","stick-header-meta":"","header-above-stick-meta":"","header-main-stick-meta":"","header-below-stick-meta":"","astra-migrate-meta-layouts":"default","ast-page-background-enabled":"default","ast-page-background-meta":{"desktop":{"background-color":"var(--ast-global-color-4)","background-image":"","background-repeat":"repeat","background-position":"center center","background-size":"auto","background-attachment":"scroll","background-type":"","background-media":"","overlay-type":"","overlay-color":"","overlay-opacity":"","overlay-gradient":""},"tablet":{"background-color":"","background-image":"","background-repeat":"repeat","background-position":"center center","background-size":"auto","background-attachment":"scroll","background-type":"","background-media":"","overlay-type":"","overlay-color":"","overlay-opacity":"","overlay-gradient":""},"mobile":{"background-color":"","background-image":"","background-repeat":"repeat","background-position":"center center","background-size":"auto","background-attachment":"scroll","background-type":"","background-media":"","overlay-type":"","overlay-color":"","overlay-opacity":"","overlay-gradient":""}},"ast-content-background-meta":{"desktop":{"background-color":"var(--ast-global-color-5)","background-image":"","background-repeat":"repeat","background-position":"center center","background-size":"auto","background-attachment":"scroll","background-type":"","background-media":"","overlay-type":"","overlay-color":"","overlay-opacity":"","overlay-gradient":""},"tablet":{"background-color":"var(--ast-global-color-5)","background-image":"","background-repeat":"repeat","background-position":"center center","background-size":"auto","background-attachment":"scroll","background-type":"","background-media":"","overlay-type":"","overlay-color":"","overlay-opacity":"","overlay-gradient":""},"mobile":{"background-color":"var(--ast-global-color-5)","background-image":"","background-repeat":"repeat","background-position":"center center","background-size":"auto","background-attachment":"scroll","background-type":"","background-media":"","overlay-type":"","overlay-color":"","overlay-opacity":"","overlay-gradient":""}}},"product_cat":[19,23,31],"product_tag":[],"class_list":{"0":"post-361","1":"product","2":"type-product","3":"status-publish","4":"has-post-thumbnail","6":"product_cat-adulto","7":"product_cat-gato","8":"product_cat-sobre","9":"desktop-align-left","10":"tablet-align-left","11":"mobile-align-left","13":"first","14":"instock","15":"shipping-taxable","16":"product-type-simple"},"_links":{"self":[{"href":"https:\/\/croquetasparaayer.com.mx\/index.php\/wp-json\/wp\/v2\/product\/361","targetHints":{"allow":["GET"]}}],"collection":[{"href":"https:\/\/croquetasparaayer.com.mx\/index.php\/wp-json\/wp\/v2\/product"}],"about":[{"href":"https:\/\/croquetasparaayer.com.mx\/index.php\/wp-json\/wp\/v2\/types\/product"}],"replies":[{"embeddable":true,"href":"https:\/\/croquetasparaayer.com.mx\/index.php\/wp-json\/wp\/v2\/comments?post=361"}],"wp:featuredmedia":[{"embeddable":true,"href":"https:\/\/croquetasparaayer.com.mx\/index.php\/wp-json\/wp\/v2\/media\/362"}],"wp:attachment":[{"href":"https:\/\/croquetasparaayer.com.mx\/index.php\/wp-json\/wp\/v2\/media?parent=361"}],"wp:term":[{"taxonomy":"product_cat","embeddable":true,"href":"https:\/\/croquetasparaayer.com.mx\/index.php\/wp-json\/wp\/v2\/product_cat?post=361"},{"taxonomy":"product_tag","embeddable":true,"href":"https:\/\/croquetasparaayer.com.mx\/index.php\/wp-json\/wp\/v2\/product_tag?post=361"}],"curies":[{"name":"wp","href":"https:\/\/api.w.org\/{rel}","templated":true}]}}