{"id":720,"date":"2023-07-28T16:18:04","date_gmt":"2023-07-28T22:18:04","guid":{"rendered":"https:\/\/croquetasparaayer.com.mx\/?post_type=product&#038;p=720"},"modified":"2023-07-28T16:18:04","modified_gmt":"2023-07-28T22:18:04","slug":"sustituto-de-leche-royal-canin-babydog-milk-para-cachorro","status":"publish","type":"product","link":"https:\/\/croquetasparaayer.com.mx\/index.php\/producto\/sustituto-de-leche-royal-canin-babydog-milk-para-cachorro\/","title":{"rendered":"Sustituto de Leche Royal Canin Babydog Milk Para Cachorro"},"content":{"rendered":"<p class=\"product-single__title\">Sustituto de Leche Royal Canin Babydog Milk Para Cachorro 400g<\/p>\n<p>Babydog milk contiene prote\u00ednas cuidadosamente seleccionadas, que son ultra digestibles y tiene un contenido de lactosa muy cercana a la de la leche materna.<\/p>\n<p>Ingredientes:<\/p>\n<p>Prote\u00ednas l\u00e1cteas (bovino), grasas animales (ave), prote\u00ednas de lactosuero (bovino), aceite de soya, aceite de copra, aceite de pescado (fuente de DHA), minerales (hierro, yodo, cobre, manganeso, zinc, selenio), fructooligosac\u00e1ridos, vitaminas (A, D3, E) taurina, antioxidantes (BHA).<\/p>\n<p>Babydog milk contiene prote\u00ednas cuidadosamente seleccionadas, que son ultra digestibles y tiene un contenido de lactosa muy cercana a la de la leche materna. Est\u00e1 particularmente adaptada para el sistema digestivo del cachorro, porque no contiene almid\u00f3n (los cachorros no secretan suficiente amilasa para digerir el almid\u00f3n). Finalmente, la adici\u00f3n de Fructo-Oligo-Sac\u00e1ridos (FOS) ayuda a mantener un balance saludable de la flora digestiva.<\/p>\n","protected":false},"excerpt":{"rendered":"<p>Sustituto de Leche Royal Canin Babydog Milk Para Cachorro 400g Babydog milk contiene prote\u00ednas cuidadosamente seleccionadas, que son ultra digestibles y tiene un contenido de lactosa muy cercana a la de la leche materna. Ingredientes: Prote\u00ednas l\u00e1cteas (bovino), grasas animales (ave), prote\u00ednas de lactosuero (bovino), aceite de soya, aceite de copra, aceite de pescado (fuente [&hellip;]<\/p>\n","protected":false},"featured_media":721,"comment_status":"open","ping_status":"closed","template":"","meta":{"site-sidebar-layout":"default","site-content-layout":"default","ast-site-content-layout":"","site-content-style":"default","site-sidebar-style":"default","ast-global-header-display":"","ast-banner-title-visibility":"","ast-main-header-display":"","ast-hfb-above-header-display":"","ast-hfb-below-header-display":"","ast-hfb-mobile-header-display":"","site-post-title":"","ast-breadcrumbs-content":"","ast-featured-img":"","footer-sml-layout":"","theme-transparent-header-meta":"default","adv-header-id-meta":"","stick-header-meta":"","header-above-stick-meta":"","header-main-stick-meta":"","header-below-stick-meta":"","astra-migrate-meta-layouts":"default","ast-page-background-enabled":"default","ast-page-background-meta":{"desktop":{"background-color":"var(--ast-global-color-4)","background-image":"","background-repeat":"repeat","background-position":"center center","background-size":"auto","background-attachment":"scroll","background-type":"","background-media":"","overlay-type":"","overlay-color":"","overlay-opacity":"","overlay-gradient":""},"tablet":{"background-color":"","background-image":"","background-repeat":"repeat","background-position":"center center","background-size":"auto","background-attachment":"scroll","background-type":"","background-media":"","overlay-type":"","overlay-color":"","overlay-opacity":"","overlay-gradient":""},"mobile":{"background-color":"","background-image":"","background-repeat":"repeat","background-position":"center center","background-size":"auto","background-attachment":"scroll","background-type":"","background-media":"","overlay-type":"","overlay-color":"","overlay-opacity":"","overlay-gradient":""}},"ast-content-background-meta":{"desktop":{"background-color":"var(--ast-global-color-5)","background-image":"","background-repeat":"repeat","background-position":"center center","background-size":"auto","background-attachment":"scroll","background-type":"","background-media":"","overlay-type":"","overlay-color":"","overlay-opacity":"","overlay-gradient":""},"tablet":{"background-color":"var(--ast-global-color-5)","background-image":"","background-repeat":"repeat","background-position":"center center","background-size":"auto","background-attachment":"scroll","background-type":"","background-media":"","overlay-type":"","overlay-color":"","overlay-opacity":"","overlay-gradient":""},"mobile":{"background-color":"var(--ast-global-color-5)","background-image":"","background-repeat":"repeat","background-position":"center center","background-size":"auto","background-attachment":"scroll","background-type":"","background-media":"","overlay-type":"","overlay-color":"","overlay-opacity":"","overlay-gradient":""}}},"product_cat":[19,29,21,24],"product_tag":[],"class_list":{"0":"post-720","1":"product","2":"type-product","3":"status-publish","4":"has-post-thumbnail","6":"product_cat-adulto","7":"product_cat-lata","8":"product_cat-perro","9":"product_cat-raza-pequena-mediana","10":"desktop-align-left","11":"tablet-align-left","12":"mobile-align-left","14":"first","15":"instock","16":"shipping-taxable","17":"product-type-simple"},"_links":{"self":[{"href":"https:\/\/croquetasparaayer.com.mx\/index.php\/wp-json\/wp\/v2\/product\/720","targetHints":{"allow":["GET"]}}],"collection":[{"href":"https:\/\/croquetasparaayer.com.mx\/index.php\/wp-json\/wp\/v2\/product"}],"about":[{"href":"https:\/\/croquetasparaayer.com.mx\/index.php\/wp-json\/wp\/v2\/types\/product"}],"replies":[{"embeddable":true,"href":"https:\/\/croquetasparaayer.com.mx\/index.php\/wp-json\/wp\/v2\/comments?post=720"}],"wp:featuredmedia":[{"embeddable":true,"href":"https:\/\/croquetasparaayer.com.mx\/index.php\/wp-json\/wp\/v2\/media\/721"}],"wp:attachment":[{"href":"https:\/\/croquetasparaayer.com.mx\/index.php\/wp-json\/wp\/v2\/media?parent=720"}],"wp:term":[{"taxonomy":"product_cat","embeddable":true,"href":"https:\/\/croquetasparaayer.com.mx\/index.php\/wp-json\/wp\/v2\/product_cat?post=720"},{"taxonomy":"product_tag","embeddable":true,"href":"https:\/\/croquetasparaayer.com.mx\/index.php\/wp-json\/wp\/v2\/product_tag?post=720"}],"curies":[{"name":"wp","href":"https:\/\/api.w.org\/{rel}","templated":true}]}}